{"id":1097,"date":"2020-04-29T05:32:56","date_gmt":"2020-04-29T05:32:56","guid":{"rendered":"https:\/\/wp.hansknoepfel.ch\/?page_id=1097"},"modified":"2022-05-11T11:51:07","modified_gmt":"2022-05-11T11:51:07","slug":"hk_sparring","status":"publish","type":"page","link":"https:\/\/wp.hansknoepfel.ch\/?page_id=1097","title":{"rendered":"Sparringpartner"},"content":{"rendered":"\t\t<div data-elementor-type=\"wp-post\" data-elementor-id=\"1097\" class=\"elementor elementor-1097\" data-elementor-post-type=\"page\">\n\t\t\t\t\t\t<section class=\"elementor-section elementor-top-section elementor-element elementor-element-fc77427 elementor-section-boxed elementor-section-height-default elementor-section-height-default\" data-id=\"fc77427\" data-element_type=\"section\" data-settings=\"{&quot;background_background&quot;:&quot;classic&quot;}\">\n\t\t\t\t\t\t<div class=\"elementor-container elementor-column-gap-default\">\n\t\t\t\t\t<div class=\"elementor-column elementor-col-100 elementor-top-column elementor-element elementor-element-5a70e9a\" data-id=\"5a70e9a\" data-element_type=\"column\">\n\t\t\t<div class=\"elementor-widget-wrap\">\n\t\t\t\t\t\t\t<\/div>\n\t\t<\/div>\n\t\t\t\t\t<\/div>\n\t\t<\/section>\n\t\t\t\t<section class=\"elementor-section elementor-top-section elementor-element elementor-element-227f98f9 elementor-section-boxed elementor-section-height-default elementor-section-height-default\" data-id=\"227f98f9\" data-element_type=\"section\" data-settings=\"{&quot;background_background&quot;:&quot;classic&quot;}\">\n\t\t\t\t\t\t<div class=\"elementor-container elementor-column-gap-default\">\n\t\t\t\t\t<div class=\"elementor-column elementor-col-100 elementor-top-column elementor-element elementor-element-42420674\" data-id=\"42420674\" data-element_type=\"column\">\n\t\t\t<div class=\"elementor-widget-wrap elementor-element-populated\">\n\t\t\t\t\t\t<div class=\"elementor-element elementor-element-f0b8220 elementor-widget elementor-widget-menu-anchor\" data-id=\"f0b8220\" data-element_type=\"widget\" data-widget_type=\"menu-anchor.default\">\n\t\t\t\t<div class=\"elementor-widget-container\">\n\t\t\t\t\t\t\t<div class=\"elementor-menu-anchor\" id=\"focus\"><\/div>\n\t\t\t\t\t\t<\/div>\n\t\t\t\t<\/div>\n\t\t\t\t<div class=\"elementor-element elementor-element-52c6b62b elementor-widget elementor-widget-heading\" data-id=\"52c6b62b\" data-element_type=\"widget\" data-widget_type=\"heading.default\">\n\t\t\t\t<div class=\"elementor-widget-container\">\n\t\t\t\t\t<h2 class=\"elementor-heading-title elementor-size-default\">Sparringpartner.<\/h2>\t\t\t\t<\/div>\n\t\t\t\t<\/div>\n\t\t\t\t<div class=\"elementor-element elementor-element-46b3e4aa elementor-widget elementor-widget-heading\" data-id=\"46b3e4aa\" data-element_type=\"widget\" data-widget_type=\"heading.default\">\n\t\t\t\t<div class=\"elementor-widget-container\">\n\t\t\t\t\t<div class=\"elementor-heading-title elementor-size-default\">unabh\u00e4ngig, hartn\u00e4ckig, vertrauensvoll, zielorientiert<\/div>\t\t\t\t<\/div>\n\t\t\t\t<\/div>\n\t\t\t\t<div class=\"elementor-element elementor-element-ecd7dc7 elementor-widget elementor-widget-text-editor\" data-id=\"ecd7dc7\" data-element_type=\"widget\" data-widget_type=\"text-editor.default\">\n\t\t\t\t<div class=\"elementor-widget-container\">\n\t\t\t\t\t\t\t\t\t<p>H\u00e4ufig dr\u00fcckt das Tagesgesch\u00e4ft und \u00fcberraschende Situationen an den M\u00e4rkten verlangen ein schnelles reagieren. In solchen Phasen, aber auch bei personellen Engp\u00e4ssen, fehlender Expertise f\u00fcr aussergew\u00f6hnliche Situationen und zur Reflektion von Ver\u00e4nderungen kann ich als Sparringpartner einen Mehrwert bieten.<\/p><p>Im Vordergrund stehen folgende Themen, welche ich durch durch vielen Projekterfahrungen sehr effektiv unterst\u00fctzen kann:<\/p>\t\t\t\t\t\t\t\t<\/div>\n\t\t\t\t<\/div>\n\t\t\t\t<section class=\"elementor-section elementor-inner-section elementor-element elementor-element-528ba527 elementor-section-boxed elementor-section-height-default elementor-section-height-default\" data-id=\"528ba527\" data-element_type=\"section\">\n\t\t\t\t\t\t<div class=\"elementor-container elementor-column-gap-no\">\n\t\t\t\t\t<div class=\"elementor-column elementor-col-50 elementor-inner-column elementor-element elementor-element-186d9bc0\" data-id=\"186d9bc0\" data-element_type=\"column\">\n\t\t\t<div class=\"elementor-widget-wrap elementor-element-populated\">\n\t\t\t\t\t\t<div class=\"elementor-element elementor-element-141b2755 animated-slow elementor-position-top elementor-invisible elementor-widget elementor-widget-image-box\" data-id=\"141b2755\" data-element_type=\"widget\" data-settings=\"{&quot;_animation&quot;:&quot;fadeInLeft&quot;}\" data-widget_type=\"image-box.default\">\n\t\t\t\t<div class=\"elementor-widget-container\">\n\t\t\t\t\t<div class=\"elementor-image-box-wrapper\"><figure class=\"elementor-image-box-img\"><img decoding=\"async\" width=\"55\" height=\"55\" src=\"https:\/\/wp.hansknoepfel.ch\/wp-content\/uploads\/2018\/12\/neve-envelope-1.png\" class=\"attachment-full size-full wp-image-168\" alt=\"\" \/><\/figure><div class=\"elementor-image-box-content\"><h5 class=\"elementor-image-box-title\">Strategie, Innovation & Technologie<\/h5><\/div><\/div>\t\t\t\t<\/div>\n\t\t\t\t<\/div>\n\t\t\t\t<div class=\"elementor-element elementor-element-163f440 elementor-widget elementor-widget-text-editor\" data-id=\"163f440\" data-element_type=\"widget\" data-widget_type=\"text-editor.default\">\n\t\t\t\t<div class=\"elementor-widget-container\">\n\t\t\t\t\t\t\t\t\t<div><strong>Ver\u00e4nderungen erfolgreich antizipieren\u00a0<\/strong>\n<b>\n<\/b><\/div>\n<ul>\n \t<br><li><strong>Gesch\u00e4ftsmodelle <\/strong>\nKl\u00e4rung k\u00fcnftiger Business &amp; Operating Models auf Basis neuer M\u00f6glichkeiten aus der Digitalisierung, Automatisierung &amp; Industrialisierung<\/li><br>\t\n<li><strong>Wertsch\u00f6pfungsketten<\/strong>\nGestaltung von kundenorientierten und \u201eautomatisierten\u201c Wertsch\u00f6pfungsketten zur Leistungssteigerung<\/li><br>\n \t<li><strong>\u00d6kosysteme und Plattformen<\/strong>\nKl\u00e4rung und Aufbau von \u00d6kosystemen und Plattformen zur Generierung von Wettbewerbsvorteilen<\/li><br>\n \t<li><strong>Technologieeinsatz<\/strong>\nKonzeption\/Adaptierung von Industrie 4.0- &amp; IoT-Ans\u00e4tzen auf die Unternehmens- und Marktgegebenheiten zur Flexibilisierung der Organisation<\/li>\n<\/ul>\t\t\t\t\t\t\t\t<\/div>\n\t\t\t\t<\/div>\n\t\t\t\t\t<\/div>\n\t\t<\/div>\n\t\t\t\t<div class=\"elementor-column elementor-col-50 elementor-inner-column elementor-element elementor-element-5143c0bf\" data-id=\"5143c0bf\" data-element_type=\"column\">\n\t\t\t<div class=\"elementor-widget-wrap elementor-element-populated\">\n\t\t\t\t\t\t<div class=\"elementor-element elementor-element-244551f4 animated-slow elementor-position-top elementor-invisible elementor-widget elementor-widget-image-box\" data-id=\"244551f4\" data-element_type=\"widget\" data-settings=\"{&quot;_animation&quot;:&quot;fadeInUp&quot;}\" data-widget_type=\"image-box.default\">\n\t\t\t\t<div class=\"elementor-widget-container\">\n\t\t\t\t\t<div class=\"elementor-image-box-wrapper\"><figure class=\"elementor-image-box-img\"><img decoding=\"async\" width=\"54\" height=\"48\" src=\"https:\/\/wp.hansknoepfel.ch\/wp-content\/uploads\/2018\/12\/neve-map-1.png\" class=\"attachment-full size-full wp-image-169\" alt=\"\" \/><\/figure><div class=\"elementor-image-box-content\"><h5 class=\"elementor-image-box-title\">Leadership & F\u00fchrung<\/h5><\/div><\/div>\t\t\t\t<\/div>\n\t\t\t\t<\/div>\n\t\t\t\t<div class=\"elementor-element elementor-element-ba4bf47 elementor-widget elementor-widget-text-editor\" data-id=\"ba4bf47\" data-element_type=\"widget\" data-widget_type=\"text-editor.default\">\n\t\t\t\t<div class=\"elementor-widget-container\">\n\t\t\t\t\t\t\t\t\t<div><strong>Kultur wird gepr\u00e4gt, nicht verordnet<\/strong><br \/><b><br \/><\/b><\/div><ul><li><strong>F\u00fchrungscoaching<\/strong><br \/>Begleitung nach \u00dcbernahme neuer Aufgaben und\/oder zur Bew\u00e4ltigung von herausfordernden Situationen.<br \/>Unterst\u00fctzung bei der F\u00fchrungskr\u00e4fte-Weiterentwicklung.<br \/><br \/><\/li><li><strong>Teambuilding<\/strong><br \/>Aufbau von Hochleistungsteams, u.a. durch die Bildung von interdisziplin\u00e4ren Teams f\u00fcr Transformationen, gr\u00f6ssere Projekte und Programme\/Initiativen. <br \/>Kriterien f\u00fcr diese besonderen Herausforderungen k\u00f6nnen sind die Motivation zur Leistung und die Bereitschaft zur Zusammenarbeit. Die Performance kann direkt gemessen werden.<\/li><\/ul>\t\t\t\t\t\t\t\t<\/div>\n\t\t\t\t<\/div>\n\t\t\t\t\t<\/div>\n\t\t<\/div>\n\t\t\t\t\t<\/div>\n\t\t<\/section>\n\t\t\t\t<section class=\"elementor-section elementor-inner-section elementor-element elementor-element-4d159bb elementor-section-boxed elementor-section-height-default elementor-section-height-default\" data-id=\"4d159bb\" data-element_type=\"section\">\n\t\t\t\t\t\t<div class=\"elementor-container elementor-column-gap-no\">\n\t\t\t\t\t<div class=\"elementor-column elementor-col-50 elementor-inner-column elementor-element elementor-element-142a51a\" data-id=\"142a51a\" data-element_type=\"column\">\n\t\t\t<div class=\"elementor-widget-wrap elementor-element-populated\">\n\t\t\t\t\t\t<div class=\"elementor-element elementor-element-22abb17 animated-slow elementor-position-top elementor-invisible elementor-widget elementor-widget-image-box\" data-id=\"22abb17\" data-element_type=\"widget\" data-settings=\"{&quot;_animation&quot;:&quot;fadeInDown&quot;}\" data-widget_type=\"image-box.default\">\n\t\t\t\t<div class=\"elementor-widget-container\">\n\t\t\t\t\t<div class=\"elementor-image-box-wrapper\"><figure class=\"elementor-image-box-img\"><img decoding=\"async\" width=\"55\" height=\"44\" src=\"https:\/\/wp.hansknoepfel.ch\/wp-content\/uploads\/2018\/12\/neve-photography-1.png\" class=\"attachment-full size-full wp-image-170\" alt=\"\" \/><\/figure><div class=\"elementor-image-box-content\"><h5 class=\"elementor-image-box-title\">Transformation & Change Management<\/h5><\/div><\/div>\t\t\t\t<\/div>\n\t\t\t\t<\/div>\n\t\t\t\t<div class=\"elementor-element elementor-element-ac8ad90 elementor-widget elementor-widget-text-editor\" data-id=\"ac8ad90\" data-element_type=\"widget\" data-widget_type=\"text-editor.default\">\n\t\t\t\t<div class=\"elementor-widget-container\">\n\t\t\t\t\t\t\t\t\t<p><strong>Widerst\u00e4nde als Chance sehen und schneller sein<\/strong><\/p><ul><li>Die F\u00fchrung und\/oder Programm-Steuerung der Ver\u00e4nderung verlangt ein hohes Mass an Fingerspitzengef\u00fchl. Nur so k\u00f6nnen die Betroffenen begeistert werden.<br \/><br \/><\/li><li>Vorbereitung und Unterst\u00fctzung des Change Management bei Transformationen ist ein kritischer Erfolgsfaktor.<br \/><br \/><\/li><li>Restrukturierungen bedeuten meist grosse Einschnitte und verlangen von allen &#8222;Opfer&#8220;. Diese sind transparent zu machen und zu kommunizieren.<br \/><br \/><\/li><li>Begleitung von obersten F\u00fchrungskr\u00e4ften im Sinne eines Sounding-Board f\u00fchrt schneller zur Meinungsbildung und klaren Entscheiden. Der Umsetzungserfolg h\u00e4ngt massgebend von der dadurch erreichten Glaubw\u00fcrdigkeit ab.<\/li><\/ul>\t\t\t\t\t\t\t\t<\/div>\n\t\t\t\t<\/div>\n\t\t\t\t\t<\/div>\n\t\t<\/div>\n\t\t\t\t<div class=\"elementor-column elementor-col-50 elementor-inner-column elementor-element elementor-element-d659f7c\" data-id=\"d659f7c\" data-element_type=\"column\">\n\t\t\t<div class=\"elementor-widget-wrap elementor-element-populated\">\n\t\t\t\t\t\t<div class=\"elementor-element elementor-element-48193f7 animated-slow elementor-position-top elementor-invisible elementor-widget elementor-widget-image-box\" data-id=\"48193f7\" data-element_type=\"widget\" data-settings=\"{&quot;_animation&quot;:&quot;fadeInRight&quot;}\" data-widget_type=\"image-box.default\">\n\t\t\t\t<div class=\"elementor-widget-container\">\n\t\t\t\t\t<div class=\"elementor-image-box-wrapper\"><figure class=\"elementor-image-box-img\"><img loading=\"lazy\" decoding=\"async\" width=\"55\" height=\"50\" src=\"https:\/\/wp.hansknoepfel.ch\/wp-content\/uploads\/2018\/12\/neve-phone-1.png\" class=\"attachment-full size-full wp-image-171\" alt=\"\" \/><\/figure><div class=\"elementor-image-box-content\"><h5 class=\"elementor-image-box-title\">Restrukturierung & Neuaufstellung<\/h5><\/div><\/div>\t\t\t\t<\/div>\n\t\t\t\t<\/div>\n\t\t\t\t<div class=\"elementor-element elementor-element-d848399 elementor-widget elementor-widget-text-editor\" data-id=\"d848399\" data-element_type=\"widget\" data-widget_type=\"text-editor.default\">\n\t\t\t\t<div class=\"elementor-widget-container\">\n\t\t\t\t\t\t\t\t\t<p><strong>Nachhaltige Sanierung heisst am gleichen Strick ziehen<br \/><\/strong><\/p><ul><li>Die schnelle Massnahmenentwicklung zur Absicherung des Tagesgesch\u00e4fts in der Krise ist eine Voraussetzung f\u00fcrs \u00dcberleben. Diese Arbeit zu orchestrieren und Akzeptanz zu schaffen ist mein Schl\u00fcsselerfolgsfaktor. So gelingt es das Unternehmen wieder in Spur zu bringen ohne sp\u00e4tere Nachteile aus der Sanierung korrigieren zu m\u00fcssen.<\/li><\/ul><p>\u00a0<\/p><ul><li>Ich helfe Ihnen ohne \u00abAltlasten\u00bb schnell und zielgerichtet die notwendigen Massnahmen durchzuf\u00fchren, einschliesslich Verhandlungen mit Investoren, Banken etc.<\/li><\/ul>\t\t\t\t\t\t\t\t<\/div>\n\t\t\t\t<\/div>\n\t\t\t\t\t<\/div>\n\t\t<\/div>\n\t\t\t\t\t<\/div>\n\t\t<\/section>\n\t\t\t\t\t<\/div>\n\t\t<\/div>\n\t\t\t\t\t<\/div>\n\t\t<\/section>\n\t\t\t\t<\/div>\n\t\t","protected":false},"excerpt":{"rendered":"<p>Sparringpartner. unabh\u00e4ngig, hartn\u00e4ckig, vertrauensvoll, zielorientiert H\u00e4ufig dr\u00fcckt das Tagesgesch\u00e4ft und \u00fcberraschende Situationen an den M\u00e4rkten verlangen ein schnelles reagieren. In solchen Phasen, aber auch bei personellen Engp\u00e4ssen, fehlender Expertise f\u00fcr aussergew\u00f6hnliche Situationen und zur Reflektion von Ver\u00e4nderungen kann ich als Sparringpartner einen Mehrwert bieten. Im Vordergrund stehen folgende Themen, welche ich durch durch vielen Projekterfahrungen&hellip;&nbsp;<a href=\"https:\/\/wp.hansknoepfel.ch\/?page_id=1097\" rel=\"bookmark\">Weiterlesen &raquo;<span class=\"screen-reader-text\">Sparringpartner<\/span><\/a><\/p>\n","protected":false},"author":1,"featured_media":0,"parent":0,"menu_order":0,"comment_status":"closed","ping_status":"closed","template":"page-templates\/template-pagebuilder-full-width.php","meta":{"neve_meta_sidebar":"","neve_meta_container":"","neve_meta_enable_content_width":"off","neve_meta_content_width":0,"neve_meta_title_alignment":"","neve_meta_author_avatar":"","neve_post_elements_order":"","neve_meta_disable_header":"","neve_meta_disable_footer":"","neve_meta_disable_title":"","neve_meta_reading_time":"","_themeisle_gutenberg_block_has_review":false,"footnotes":""},"class_list":["post-1097","page","type-page","status-publish","hentry"],"yoast_head":"<!-- This site is optimized with the Yoast SEO plugin v25.5 - https:\/\/yoast.com\/wordpress\/plugins\/seo\/ -->\n<title>Sparringpartner - Hans Kn\u00f6pfel<\/title>\n<meta name=\"robots\" content=\"index, follow, max-snippet:-1, max-image-preview:large, max-video-preview:-1\" \/>\n<link rel=\"canonical\" href=\"https:\/\/wp.hansknoepfel.ch\/?page_id=1097\" \/>\n<meta property=\"og:locale\" content=\"de_DE\" \/>\n<meta property=\"og:type\" content=\"article\" \/>\n<meta property=\"og:title\" content=\"Sparringpartner - Hans Kn\u00f6pfel\" \/>\n<meta property=\"og:description\" content=\"Sparringpartner. unabh\u00e4ngig, hartn\u00e4ckig, vertrauensvoll, zielorientiert H\u00e4ufig dr\u00fcckt das Tagesgesch\u00e4ft und \u00fcberraschende Situationen an den M\u00e4rkten verlangen ein schnelles reagieren. In solchen Phasen, aber auch bei personellen Engp\u00e4ssen, fehlender Expertise f\u00fcr aussergew\u00f6hnliche Situationen und zur Reflektion von Ver\u00e4nderungen kann ich als Sparringpartner einen Mehrwert bieten. Im Vordergrund stehen folgende Themen, welche ich durch durch vielen Projekterfahrungen&hellip;&nbsp;Weiterlesen &raquo;Sparringpartner\" \/>\n<meta property=\"og:url\" content=\"https:\/\/wp.hansknoepfel.ch\/?page_id=1097\" \/>\n<meta property=\"og:site_name\" content=\"Hans Kn\u00f6pfel\" \/>\n<meta property=\"article:modified_time\" content=\"2022-05-11T11:51:07+00:00\" \/>\n<meta property=\"og:image\" content=\"https:\/\/wp.hansknoepfel.ch\/wp-content\/uploads\/2018\/12\/neve-envelope-1.png\" \/>\n<meta name=\"twitter:card\" content=\"summary_large_image\" \/>\n<meta name=\"twitter:label1\" content=\"Gesch\u00e4tzte Lesezeit\" \/>\n\t<meta name=\"twitter:data1\" content=\"3\u00a0Minuten\" \/>\n<script type=\"application\/ld+json\" class=\"yoast-schema-graph\">{\"@context\":\"https:\/\/schema.org\",\"@graph\":[{\"@type\":\"WebPage\",\"@id\":\"https:\/\/wp.hansknoepfel.ch\/?page_id=1097\",\"url\":\"https:\/\/wp.hansknoepfel.ch\/?page_id=1097\",\"name\":\"Sparringpartner - Hans Kn\u00f6pfel\",\"isPartOf\":{\"@id\":\"https:\/\/wp.hansknoepfel.ch\/#website\"},\"primaryImageOfPage\":{\"@id\":\"https:\/\/wp.hansknoepfel.ch\/?page_id=1097#primaryimage\"},\"image\":{\"@id\":\"https:\/\/wp.hansknoepfel.ch\/?page_id=1097#primaryimage\"},\"thumbnailUrl\":\"https:\/\/wp.hansknoepfel.ch\/wp-content\/uploads\/2018\/12\/neve-envelope-1.png\",\"datePublished\":\"2020-04-29T05:32:56+00:00\",\"dateModified\":\"2022-05-11T11:51:07+00:00\",\"breadcrumb\":{\"@id\":\"https:\/\/wp.hansknoepfel.ch\/?page_id=1097#breadcrumb\"},\"inLanguage\":\"de\",\"potentialAction\":[{\"@type\":\"ReadAction\",\"target\":[\"https:\/\/wp.hansknoepfel.ch\/?page_id=1097\"]}]},{\"@type\":\"ImageObject\",\"inLanguage\":\"de\",\"@id\":\"https:\/\/wp.hansknoepfel.ch\/?page_id=1097#primaryimage\",\"url\":\"https:\/\/wp.hansknoepfel.ch\/wp-content\/uploads\/2018\/12\/neve-envelope-1.png\",\"contentUrl\":\"https:\/\/wp.hansknoepfel.ch\/wp-content\/uploads\/2018\/12\/neve-envelope-1.png\",\"width\":55,\"height\":55},{\"@type\":\"BreadcrumbList\",\"@id\":\"https:\/\/wp.hansknoepfel.ch\/?page_id=1097#breadcrumb\",\"itemListElement\":[{\"@type\":\"ListItem\",\"position\":1,\"name\":\"Startseite\",\"item\":\"https:\/\/wp.hansknoepfel.ch\/\"},{\"@type\":\"ListItem\",\"position\":2,\"name\":\"Sparringpartner\"}]},{\"@type\":\"WebSite\",\"@id\":\"https:\/\/wp.hansknoepfel.ch\/#website\",\"url\":\"https:\/\/wp.hansknoepfel.ch\/\",\"name\":\"Hans Kn\u00f6pfel\",\"description\":\"Excellence in business\",\"publisher\":{\"@id\":\"https:\/\/wp.hansknoepfel.ch\/#organization\"},\"potentialAction\":[{\"@type\":\"SearchAction\",\"target\":{\"@type\":\"EntryPoint\",\"urlTemplate\":\"https:\/\/wp.hansknoepfel.ch\/?s={search_term_string}\"},\"query-input\":{\"@type\":\"PropertyValueSpecification\",\"valueRequired\":true,\"valueName\":\"search_term_string\"}}],\"inLanguage\":\"de\"},{\"@type\":\"Organization\",\"@id\":\"https:\/\/wp.hansknoepfel.ch\/#organization\",\"name\":\"Hans Kn\u00f6pfel\",\"url\":\"https:\/\/wp.hansknoepfel.ch\/\",\"logo\":{\"@type\":\"ImageObject\",\"inLanguage\":\"de\",\"@id\":\"https:\/\/wp.hansknoepfel.ch\/#\/schema\/logo\/image\/\",\"url\":\"https:\/\/wp.hansknoepfel.ch\/wp-content\/uploads\/2022\/04\/image002.png\",\"contentUrl\":\"https:\/\/wp.hansknoepfel.ch\/wp-content\/uploads\/2022\/04\/image002.png\",\"width\":376,\"height\":107,\"caption\":\"Hans Kn\u00f6pfel\"},\"image\":{\"@id\":\"https:\/\/wp.hansknoepfel.ch\/#\/schema\/logo\/image\/\"}}]}<\/script>\n<!-- \/ Yoast SEO plugin. -->","yoast_head_json":{"title":"Sparringpartner - Hans Kn\u00f6pfel","robots":{"index":"index","follow":"follow","max-snippet":"max-snippet:-1","max-image-preview":"max-image-preview:large","max-video-preview":"max-video-preview:-1"},"canonical":"https:\/\/wp.hansknoepfel.ch\/?page_id=1097","og_locale":"de_DE","og_type":"article","og_title":"Sparringpartner - Hans Kn\u00f6pfel","og_description":"Sparringpartner. unabh\u00e4ngig, hartn\u00e4ckig, vertrauensvoll, zielorientiert H\u00e4ufig dr\u00fcckt das Tagesgesch\u00e4ft und \u00fcberraschende Situationen an den M\u00e4rkten verlangen ein schnelles reagieren. In solchen Phasen, aber auch bei personellen Engp\u00e4ssen, fehlender Expertise f\u00fcr aussergew\u00f6hnliche Situationen und zur Reflektion von Ver\u00e4nderungen kann ich als Sparringpartner einen Mehrwert bieten. Im Vordergrund stehen folgende Themen, welche ich durch durch vielen Projekterfahrungen&hellip;&nbsp;Weiterlesen &raquo;Sparringpartner","og_url":"https:\/\/wp.hansknoepfel.ch\/?page_id=1097","og_site_name":"Hans Kn\u00f6pfel","article_modified_time":"2022-05-11T11:51:07+00:00","og_image":[{"url":"https:\/\/wp.hansknoepfel.ch\/wp-content\/uploads\/2018\/12\/neve-envelope-1.png","type":"","width":"","height":""}],"twitter_card":"summary_large_image","twitter_misc":{"Gesch\u00e4tzte Lesezeit":"3\u00a0Minuten"},"schema":{"@context":"https:\/\/schema.org","@graph":[{"@type":"WebPage","@id":"https:\/\/wp.hansknoepfel.ch\/?page_id=1097","url":"https:\/\/wp.hansknoepfel.ch\/?page_id=1097","name":"Sparringpartner - Hans Kn\u00f6pfel","isPartOf":{"@id":"https:\/\/wp.hansknoepfel.ch\/#website"},"primaryImageOfPage":{"@id":"https:\/\/wp.hansknoepfel.ch\/?page_id=1097#primaryimage"},"image":{"@id":"https:\/\/wp.hansknoepfel.ch\/?page_id=1097#primaryimage"},"thumbnailUrl":"https:\/\/wp.hansknoepfel.ch\/wp-content\/uploads\/2018\/12\/neve-envelope-1.png","datePublished":"2020-04-29T05:32:56+00:00","dateModified":"2022-05-11T11:51:07+00:00","breadcrumb":{"@id":"https:\/\/wp.hansknoepfel.ch\/?page_id=1097#breadcrumb"},"inLanguage":"de","potentialAction":[{"@type":"ReadAction","target":["https:\/\/wp.hansknoepfel.ch\/?page_id=1097"]}]},{"@type":"ImageObject","inLanguage":"de","@id":"https:\/\/wp.hansknoepfel.ch\/?page_id=1097#primaryimage","url":"https:\/\/wp.hansknoepfel.ch\/wp-content\/uploads\/2018\/12\/neve-envelope-1.png","contentUrl":"https:\/\/wp.hansknoepfel.ch\/wp-content\/uploads\/2018\/12\/neve-envelope-1.png","width":55,"height":55},{"@type":"BreadcrumbList","@id":"https:\/\/wp.hansknoepfel.ch\/?page_id=1097#breadcrumb","itemListElement":[{"@type":"ListItem","position":1,"name":"Startseite","item":"https:\/\/wp.hansknoepfel.ch\/"},{"@type":"ListItem","position":2,"name":"Sparringpartner"}]},{"@type":"WebSite","@id":"https:\/\/wp.hansknoepfel.ch\/#website","url":"https:\/\/wp.hansknoepfel.ch\/","name":"Hans Kn\u00f6pfel","description":"Excellence in business","publisher":{"@id":"https:\/\/wp.hansknoepfel.ch\/#organization"},"potentialAction":[{"@type":"SearchAction","target":{"@type":"EntryPoint","urlTemplate":"https:\/\/wp.hansknoepfel.ch\/?s={search_term_string}"},"query-input":{"@type":"PropertyValueSpecification","valueRequired":true,"valueName":"search_term_string"}}],"inLanguage":"de"},{"@type":"Organization","@id":"https:\/\/wp.hansknoepfel.ch\/#organization","name":"Hans Kn\u00f6pfel","url":"https:\/\/wp.hansknoepfel.ch\/","logo":{"@type":"ImageObject","inLanguage":"de","@id":"https:\/\/wp.hansknoepfel.ch\/#\/schema\/logo\/image\/","url":"https:\/\/wp.hansknoepfel.ch\/wp-content\/uploads\/2022\/04\/image002.png","contentUrl":"https:\/\/wp.hansknoepfel.ch\/wp-content\/uploads\/2022\/04\/image002.png","width":376,"height":107,"caption":"Hans Kn\u00f6pfel"},"image":{"@id":"https:\/\/wp.hansknoepfel.ch\/#\/schema\/logo\/image\/"}}]}},"_links":{"self":[{"href":"https:\/\/wp.hansknoepfel.ch\/index.php?rest_route=\/wp\/v2\/pages\/1097","targetHints":{"allow":["GET"]}}],"collection":[{"href":"https:\/\/wp.hansknoepfel.ch\/index.php?rest_route=\/wp\/v2\/pages"}],"about":[{"href":"https:\/\/wp.hansknoepfel.ch\/index.php?rest_route=\/wp\/v2\/types\/page"}],"author":[{"embeddable":true,"href":"https:\/\/wp.hansknoepfel.ch\/index.php?rest_route=\/wp\/v2\/users\/1"}],"replies":[{"embeddable":true,"href":"https:\/\/wp.hansknoepfel.ch\/index.php?rest_route=%2Fwp%2Fv2%2Fcomments&post=1097"}],"version-history":[{"count":61,"href":"https:\/\/wp.hansknoepfel.ch\/index.php?rest_route=\/wp\/v2\/pages\/1097\/revisions"}],"predecessor-version":[{"id":2010,"href":"https:\/\/wp.hansknoepfel.ch\/index.php?rest_route=\/wp\/v2\/pages\/1097\/revisions\/2010"}],"wp:attachment":[{"href":"https:\/\/wp.hansknoepfel.ch\/index.php?rest_route=%2Fwp%2Fv2%2Fmedia&parent=1097"}],"curies":[{"name":"wp","href":"https:\/\/api.w.org\/{rel}","templated":true}]}}