{"id":1099,"date":"2020-04-29T05:33:24","date_gmt":"2020-04-29T05:33:24","guid":{"rendered":"https:\/\/wp.hansknoepfel.ch\/?page_id=1099"},"modified":"2022-05-11T11:47:48","modified_gmt":"2022-05-11T11:47:48","slug":"hk_interim","status":"publish","type":"page","link":"https:\/\/wp.hansknoepfel.ch\/?page_id=1099","title":{"rendered":"Interim Management"},"content":{"rendered":"\t\t<div data-elementor-type=\"wp-post\" data-elementor-id=\"1099\" class=\"elementor elementor-1099\" data-elementor-post-type=\"page\">\n\t\t\t\t\t\t<section class=\"elementor-section elementor-top-section elementor-element elementor-element-16f552f elementor-section-boxed elementor-section-height-default elementor-section-height-default\" data-id=\"16f552f\" data-element_type=\"section\" data-settings=\"{&quot;background_background&quot;:&quot;classic&quot;}\">\n\t\t\t\t\t\t<div class=\"elementor-container elementor-column-gap-default\">\n\t\t\t\t\t<div class=\"elementor-column elementor-col-100 elementor-top-column elementor-element elementor-element-b5f8e17\" data-id=\"b5f8e17\" data-element_type=\"column\">\n\t\t\t<div class=\"elementor-widget-wrap\">\n\t\t\t\t\t\t\t<\/div>\n\t\t<\/div>\n\t\t\t\t\t<\/div>\n\t\t<\/section>\n\t\t\t\t<section class=\"elementor-section elementor-top-section elementor-element elementor-element-f09fcc8 elementor-section-boxed elementor-section-height-default elementor-section-height-default\" data-id=\"f09fcc8\" data-element_type=\"section\" data-settings=\"{&quot;background_background&quot;:&quot;classic&quot;}\">\n\t\t\t\t\t\t<div class=\"elementor-container elementor-column-gap-default\">\n\t\t\t\t\t<div class=\"elementor-column elementor-col-100 elementor-top-column elementor-element elementor-element-3ebb733\" data-id=\"3ebb733\" data-element_type=\"column\">\n\t\t\t<div class=\"elementor-widget-wrap elementor-element-populated\">\n\t\t\t\t\t\t<div class=\"elementor-element elementor-element-01923f9 elementor-widget elementor-widget-menu-anchor\" data-id=\"01923f9\" data-element_type=\"widget\" data-widget_type=\"menu-anchor.default\">\n\t\t\t\t<div class=\"elementor-widget-container\">\n\t\t\t\t\t\t\t<div class=\"elementor-menu-anchor\" id=\"focus\"><\/div>\n\t\t\t\t\t\t<\/div>\n\t\t\t\t<\/div>\n\t\t\t\t<div class=\"elementor-element elementor-element-74ad8fc elementor-widget elementor-widget-heading\" data-id=\"74ad8fc\" data-element_type=\"widget\" data-widget_type=\"heading.default\">\n\t\t\t\t<div class=\"elementor-widget-container\">\n\t\t\t\t\t<h2 class=\"elementor-heading-title elementor-size-default\">Interim Management.<\/h2>\t\t\t\t<\/div>\n\t\t\t\t<\/div>\n\t\t\t\t<div class=\"elementor-element elementor-element-9bc834f elementor-widget elementor-widget-heading\" data-id=\"9bc834f\" data-element_type=\"widget\" data-widget_type=\"heading.default\">\n\t\t\t\t<div class=\"elementor-widget-container\">\n\t\t\t\t\t<div class=\"elementor-heading-title elementor-size-default\">\nSchnelle Hilfe durch die grosse Erfahrung.<\/div>\t\t\t\t<\/div>\n\t\t\t\t<\/div>\n\t\t\t\t<div class=\"elementor-element elementor-element-80c0c00 elementor-widget elementor-widget-text-editor\" data-id=\"80c0c00\" data-element_type=\"widget\" data-widget_type=\"text-editor.default\">\n\t\t\t\t<div class=\"elementor-widget-container\">\n\t\t\t\t\t\t\t\t\t<p>Ein schneller Start und das unmittelbare \u00dcbernehmen von Verantwortung zur Zielerreichung zeichnet jeden Interim Management Einsatz aus.<\/p><p>Das gegenseitige Vertrauen ist die Voraussetzung.<\/p><p>Erfahrung ist das eine, die Chemie das andere. Nur wenn beides gegeben ist, kann eine Zusammenarbeit erfolgreich gestaltet werden.<\/p><p>In folgenden Situationen stehe ich Ihnen mit dem notwendigen Fingerspitzengef\u00fchl f\u00fcr gezielte Eins\u00e4tze zur Seite:<\/p>\t\t\t\t\t\t\t\t<\/div>\n\t\t\t\t<\/div>\n\t\t\t\t<section class=\"elementor-section elementor-inner-section elementor-element elementor-element-004793d elementor-section-boxed elementor-section-height-default elementor-section-height-default\" data-id=\"004793d\" data-element_type=\"section\">\n\t\t\t\t\t\t<div class=\"elementor-container elementor-column-gap-no\">\n\t\t\t\t\t<div class=\"elementor-column elementor-col-50 elementor-inner-column elementor-element elementor-element-9742341\" data-id=\"9742341\" data-element_type=\"column\">\n\t\t\t<div class=\"elementor-widget-wrap elementor-element-populated\">\n\t\t\t\t\t\t<div class=\"elementor-element elementor-element-3ee0335 animated-slow elementor-position-top elementor-invisible elementor-widget elementor-widget-image-box\" data-id=\"3ee0335\" data-element_type=\"widget\" data-settings=\"{&quot;_animation&quot;:&quot;fadeInLeft&quot;}\" data-widget_type=\"image-box.default\">\n\t\t\t\t<div class=\"elementor-widget-container\">\n\t\t\t\t\t<div class=\"elementor-image-box-wrapper\"><figure class=\"elementor-image-box-img\"><img decoding=\"async\" width=\"55\" height=\"55\" src=\"https:\/\/wp.hansknoepfel.ch\/wp-content\/uploads\/2018\/12\/neve-envelope-1.png\" class=\"attachment-full size-full wp-image-168\" alt=\"\" \/><\/figure><div class=\"elementor-image-box-content\"><h5 class=\"elementor-image-box-title\">Nachfolgesituationen<\/h5><\/div><\/div>\t\t\t\t<\/div>\n\t\t\t\t<\/div>\n\t\t\t\t<div class=\"elementor-element elementor-element-b3c95d0 elementor-widget elementor-widget-text-editor\" data-id=\"b3c95d0\" data-element_type=\"widget\" data-widget_type=\"text-editor.default\">\n\t\t\t\t<div class=\"elementor-widget-container\">\n\t\t\t\t\t\t\t\t\t<p><strong>Einstellungen vermeiden, \u00c4ngste reduzieren<\/strong><\/p><p>Durch das \u00dcberbr\u00fccken von Abl\u00f6se- und Aufbauphasen der neuen F\u00fchrungskr\u00e4fte, familienintern und familienextern, sowie als Sparringpartner anschliessend die neue F\u00fchrung begleiten ist oft der beste Weg. Alle Wissen woran sie sind und haben keine \u00c4ngste, doch nicht zum Zug zu kommen.<\/p>\t\t\t\t\t\t\t\t<\/div>\n\t\t\t\t<\/div>\n\t\t\t\t\t<\/div>\n\t\t<\/div>\n\t\t\t\t<div class=\"elementor-column elementor-col-50 elementor-inner-column elementor-element elementor-element-2f1ab10\" data-id=\"2f1ab10\" data-element_type=\"column\">\n\t\t\t<div class=\"elementor-widget-wrap elementor-element-populated\">\n\t\t\t\t\t\t<div class=\"elementor-element elementor-element-87400b2 animated-slow elementor-position-top elementor-invisible elementor-widget elementor-widget-image-box\" data-id=\"87400b2\" data-element_type=\"widget\" data-settings=\"{&quot;_animation&quot;:&quot;fadeInUp&quot;}\" data-widget_type=\"image-box.default\">\n\t\t\t\t<div class=\"elementor-widget-container\">\n\t\t\t\t\t<div class=\"elementor-image-box-wrapper\"><figure class=\"elementor-image-box-img\"><img decoding=\"async\" width=\"54\" height=\"48\" src=\"https:\/\/wp.hansknoepfel.ch\/wp-content\/uploads\/2018\/12\/neve-map-1.png\" class=\"attachment-full size-full wp-image-169\" alt=\"\" \/><\/figure><div class=\"elementor-image-box-content\"><h5 class=\"elementor-image-box-title\">Restrukturierungen &amp; Sanierungen<\/h5><\/div><\/div>\t\t\t\t<\/div>\n\t\t\t\t<\/div>\n\t\t\t\t<div class=\"elementor-element elementor-element-3dd9386 elementor-widget elementor-widget-text-editor\" data-id=\"3dd9386\" data-element_type=\"widget\" data-widget_type=\"text-editor.default\">\n\t\t\t\t<div class=\"elementor-widget-container\">\n\t\t\t\t\t\t\t\t\t<p><strong>Unbelastet agieren k\u00f6nnen<\/strong><\/p><p>Ohne \u00abAltlasten\u00bb schnell und zielgerichtet die notwendigen Massnahmen durchf\u00fchren, inkl. Verhandlungen mit Investoren, Banken etc. erm\u00f6glicht bessere Ergebnisse. Dies geht ohne eine &#8222;Geschichte&#8220; im Unternehmen meist einfacher und kr\u00e4ftesparender.<\/p>\t\t\t\t\t\t\t\t<\/div>\n\t\t\t\t<\/div>\n\t\t\t\t\t<\/div>\n\t\t<\/div>\n\t\t\t\t\t<\/div>\n\t\t<\/section>\n\t\t\t\t<section class=\"elementor-section elementor-inner-section elementor-element elementor-element-38ab578 elementor-section-boxed elementor-section-height-default elementor-section-height-default\" data-id=\"38ab578\" data-element_type=\"section\">\n\t\t\t\t\t\t<div class=\"elementor-container elementor-column-gap-no\">\n\t\t\t\t\t<div class=\"elementor-column elementor-col-50 elementor-inner-column elementor-element elementor-element-0033dae\" data-id=\"0033dae\" data-element_type=\"column\">\n\t\t\t<div class=\"elementor-widget-wrap elementor-element-populated\">\n\t\t\t\t\t\t<div class=\"elementor-element elementor-element-ea0b6b9 animated-slow elementor-position-top elementor-invisible elementor-widget elementor-widget-image-box\" data-id=\"ea0b6b9\" data-element_type=\"widget\" data-settings=\"{&quot;_animation&quot;:&quot;fadeInDown&quot;}\" data-widget_type=\"image-box.default\">\n\t\t\t\t<div class=\"elementor-widget-container\">\n\t\t\t\t\t<div class=\"elementor-image-box-wrapper\"><figure class=\"elementor-image-box-img\"><img decoding=\"async\" width=\"55\" height=\"44\" src=\"https:\/\/wp.hansknoepfel.ch\/wp-content\/uploads\/2018\/12\/neve-photography-1.png\" class=\"attachment-full size-full wp-image-170\" alt=\"\" \/><\/figure><div class=\"elementor-image-box-content\"><h5 class=\"elementor-image-box-title\">Kauf und Verkauf von Unternehmen<\/h5><\/div><\/div>\t\t\t\t<\/div>\n\t\t\t\t<\/div>\n\t\t\t\t<div class=\"elementor-element elementor-element-bba266c elementor-widget elementor-widget-text-editor\" data-id=\"bba266c\" data-element_type=\"widget\" data-widget_type=\"text-editor.default\">\n\t\t\t\t<div class=\"elementor-widget-container\">\n\t\t\t\t\t\t\t\t\t<p><strong>100%-iger Fokus auf die Transaktion<\/strong><\/p><p>Viele Disziplinen sind am Tisch, diese zu orchestrieren bedeutet totales Engagement um den Erfolg herbeizuf\u00fchren. Als Gesamtverantwortlicher f\u00fcr den M&amp;A-Prozess, von der DD, \u00fcber Verhandlungen, zur eigentlichen \u00dcbernahme und dem anschliessenden absichern des PMI-Prozesses k\u00f6nnen die Fach- und F\u00fchrungskr\u00e4fte aufgaben-gerecht eingebunden werden, ohne Versprechungen machen zu m\u00fcssen.<\/p>\t\t\t\t\t\t\t\t<\/div>\n\t\t\t\t<\/div>\n\t\t\t\t\t<\/div>\n\t\t<\/div>\n\t\t\t\t<div class=\"elementor-column elementor-col-50 elementor-inner-column elementor-element elementor-element-55d6737\" data-id=\"55d6737\" data-element_type=\"column\">\n\t\t\t<div class=\"elementor-widget-wrap elementor-element-populated\">\n\t\t\t\t\t\t<div class=\"elementor-element elementor-element-899e766 animated-slow elementor-position-top elementor-invisible elementor-widget elementor-widget-image-box\" data-id=\"899e766\" data-element_type=\"widget\" data-settings=\"{&quot;_animation&quot;:&quot;fadeInRight&quot;}\" data-widget_type=\"image-box.default\">\n\t\t\t\t<div class=\"elementor-widget-container\">\n\t\t\t\t\t<div class=\"elementor-image-box-wrapper\"><figure class=\"elementor-image-box-img\"><img loading=\"lazy\" decoding=\"async\" width=\"55\" height=\"50\" src=\"https:\/\/wp.hansknoepfel.ch\/wp-content\/uploads\/2018\/12\/neve-phone-1.png\" class=\"attachment-full size-full wp-image-171\" alt=\"\" \/><\/figure><div class=\"elementor-image-box-content\"><h5 class=\"elementor-image-box-title\">\u00dcberbr\u00fcckung von F\u00fchrungsvakanzen<\/h5><\/div><\/div>\t\t\t\t<\/div>\n\t\t\t\t<\/div>\n\t\t\t\t<div class=\"elementor-element elementor-element-55588db elementor-widget elementor-widget-text-editor\" data-id=\"55588db\" data-element_type=\"widget\" data-widget_type=\"text-editor.default\">\n\t\t\t\t<div class=\"elementor-widget-container\">\n\t\t\t\t\t\t\t\t\t<p><strong>Frustrationen verhindern<\/strong><\/p><p>Bei einer gr\u00f6sseren zeitlichen L\u00fccke bis zur Wiederbesetzung einer F\u00fchrungsposition oder bei l\u00e4ngeren Absenzen durch Krankheit etc. werden h\u00e4ufig interne Stellvertretungen eingesetzt. Hoffnungen entstehen, die selten erf\u00fcllt werden k\u00f6nnen. Unkontrollierte Abg\u00e4nge und Frustration k\u00f6nnen durch die tempor\u00e4re externe Besetzung meistens verhindert werden.<\/p>\t\t\t\t\t\t\t\t<\/div>\n\t\t\t\t<\/div>\n\t\t\t\t\t<\/div>\n\t\t<\/div>\n\t\t\t\t\t<\/div>\n\t\t<\/section>\n\t\t\t\t<section class=\"elementor-section elementor-inner-section elementor-element elementor-element-8bbdb0c elementor-section-boxed elementor-section-height-default elementor-section-height-default\" data-id=\"8bbdb0c\" data-element_type=\"section\">\n\t\t\t\t\t\t<div class=\"elementor-container elementor-column-gap-default\">\n\t\t\t\t\t<div class=\"elementor-column elementor-col-100 elementor-inner-column elementor-element elementor-element-61b32ed\" data-id=\"61b32ed\" data-element_type=\"column\">\n\t\t\t<div class=\"elementor-widget-wrap elementor-element-populated\">\n\t\t\t\t\t\t<div class=\"elementor-element elementor-element-39d9316 elementor-position-top elementor-widget elementor-widget-image-box\" data-id=\"39d9316\" data-element_type=\"widget\" data-widget_type=\"image-box.default\">\n\t\t\t\t<div class=\"elementor-widget-container\">\n\t\t\t\t\t<div class=\"elementor-image-box-wrapper\"><figure class=\"elementor-image-box-img\"><img loading=\"lazy\" decoding=\"async\" width=\"57\" height=\"55\" src=\"https:\/\/wp.hansknoepfel.ch\/wp-content\/uploads\/2018\/12\/neve-smart-experience1.png\" class=\"attachment-full size-full wp-image-194\" alt=\"\" \/><\/figure><div class=\"elementor-image-box-content\"><h5 class=\"elementor-image-box-title\">Einblicke in Mandate<\/h5><\/div><\/div>\t\t\t\t<\/div>\n\t\t\t\t<\/div>\n\t\t\t\t\t<\/div>\n\t\t<\/div>\n\t\t\t\t\t<\/div>\n\t\t<\/section>\n\t\t\t\t<section class=\"elementor-section elementor-inner-section elementor-element elementor-element-7d46bd3 elementor-section-boxed elementor-section-height-default elementor-section-height-default\" data-id=\"7d46bd3\" data-element_type=\"section\">\n\t\t\t\t\t\t<div class=\"elementor-container elementor-column-gap-default\">\n\t\t\t\t\t<div class=\"elementor-column elementor-col-50 elementor-inner-column elementor-element elementor-element-654c64f\" data-id=\"654c64f\" data-element_type=\"column\">\n\t\t\t<div class=\"elementor-widget-wrap elementor-element-populated\">\n\t\t\t\t\t\t<div class=\"elementor-element elementor-element-1a991f4 elementor-widget elementor-widget-text-editor\" data-id=\"1a991f4\" data-element_type=\"widget\" data-widget_type=\"text-editor.default\">\n\t\t\t\t<div class=\"elementor-widget-container\">\n\t\t\t\t\t\t\t\t\t<p><strong>AZ Elektro Gruppe &#8211; CEO a.i.<\/strong>&nbsp;(550 Mitarbeitende)<\/p><p><span style=\"background-color: var( --e-global-color-nvsitebg ); color: var( --e-global-color-text ); font-family: var( --e-global-typography-text-font-family ), Sans-serif; font-weight: var( --e-global-typography-text-font-weight );\"><br>Schwerpunkte:<br>Sanierung und \u00dcbergabe an die n\u00e4chste Generation<\/span><br><\/p>\t\t\t\t\t\t\t\t<\/div>\n\t\t\t\t<\/div>\n\t\t\t\t\t<\/div>\n\t\t<\/div>\n\t\t\t\t<div class=\"elementor-column elementor-col-50 elementor-inner-column elementor-element elementor-element-ddd0cb8\" data-id=\"ddd0cb8\" data-element_type=\"column\">\n\t\t\t<div class=\"elementor-widget-wrap elementor-element-populated\">\n\t\t\t\t\t\t<div class=\"elementor-element elementor-element-a509d28 elementor-widget elementor-widget-text-editor\" data-id=\"a509d28\" data-element_type=\"widget\" data-widget_type=\"text-editor.default\">\n\t\t\t\t<div class=\"elementor-widget-container\">\n\t\t\t\t\t\t\t\t\t<p><strong>CSS Versicherung &#8211; Mitglied der Konzernleitung<\/strong>, Leitung a.i. Strategie &amp; Corporate Services<\/p><p>Schwerpunkte:\u00a0<br \/><span style=\"background-color: var( --e-global-color-nvsitebg ); color: var( --e-global-color-text ); font-family: var( --e-global-typography-text-font-family ), Sans-serif; font-weight: var( --e-global-typography-text-font-weight );\">Strategie &amp; Planung, Projektportfoliomanagement, M&amp;A\/Kooperationen\/Allianzen, Transformation &amp; Innovation (inkl. Digitalisierung, Analytics, Kompetenzzentrum Projektmanagement), Assurance (Risikomanagement, integrale Sicherheit, Qualit\u00e4tsmanagement etc.)<\/span><\/p>\t\t\t\t\t\t\t\t<\/div>\n\t\t\t\t<\/div>\n\t\t\t\t\t<\/div>\n\t\t<\/div>\n\t\t\t\t\t<\/div>\n\t\t<\/section>\n\t\t\t\t\t<\/div>\n\t\t<\/div>\n\t\t\t\t\t<\/div>\n\t\t<\/section>\n\t\t\t\t<\/div>\n\t\t","protected":false},"excerpt":{"rendered":"<p>Interim Management. Schnelle Hilfe durch die grosse Erfahrung. Ein schneller Start und das unmittelbare \u00dcbernehmen von Verantwortung zur Zielerreichung zeichnet jeden Interim Management Einsatz aus. Das gegenseitige Vertrauen ist die Voraussetzung. Erfahrung ist das eine, die Chemie das andere. Nur wenn beides gegeben ist, kann eine Zusammenarbeit erfolgreich gestaltet werden. In folgenden Situationen stehe ich&hellip;&nbsp;<a href=\"https:\/\/wp.hansknoepfel.ch\/?page_id=1099\" rel=\"bookmark\">Weiterlesen &raquo;<span class=\"screen-reader-text\">Interim Management<\/span><\/a><\/p>\n","protected":false},"author":1,"featured_media":0,"parent":0,"menu_order":0,"comment_status":"closed","ping_status":"closed","template":"page-templates\/template-pagebuilder-full-width.php","meta":{"neve_meta_sidebar":"","neve_meta_container":"","neve_meta_enable_content_width":"off","neve_meta_content_width":0,"neve_meta_title_alignment":"","neve_meta_author_avatar":"","neve_post_elements_order":"","neve_meta_disable_header":"","neve_meta_disable_footer":"","neve_meta_disable_title":"","neve_meta_reading_time":"","_themeisle_gutenberg_block_has_review":false,"footnotes":""},"class_list":["post-1099","page","type-page","status-publish","hentry"],"yoast_head":"<!-- This site is optimized with the Yoast SEO plugin v25.5 - https:\/\/yoast.com\/wordpress\/plugins\/seo\/ -->\n<title>Interim Management - Hans Kn\u00f6pfel<\/title>\n<meta name=\"robots\" content=\"index, follow, max-snippet:-1, max-image-preview:large, max-video-preview:-1\" \/>\n<link rel=\"canonical\" href=\"https:\/\/wp.hansknoepfel.ch\/?page_id=1099\" \/>\n<meta property=\"og:locale\" content=\"de_DE\" \/>\n<meta property=\"og:type\" content=\"article\" \/>\n<meta property=\"og:title\" content=\"Interim Management - Hans Kn\u00f6pfel\" \/>\n<meta property=\"og:description\" content=\"Interim Management. Schnelle Hilfe durch die grosse Erfahrung. Ein schneller Start und das unmittelbare \u00dcbernehmen von Verantwortung zur Zielerreichung zeichnet jeden Interim Management Einsatz aus. Das gegenseitige Vertrauen ist die Voraussetzung. Erfahrung ist das eine, die Chemie das andere. Nur wenn beides gegeben ist, kann eine Zusammenarbeit erfolgreich gestaltet werden. In folgenden Situationen stehe ich&hellip;&nbsp;Weiterlesen &raquo;Interim Management\" \/>\n<meta property=\"og:url\" content=\"https:\/\/wp.hansknoepfel.ch\/?page_id=1099\" \/>\n<meta property=\"og:site_name\" content=\"Hans Kn\u00f6pfel\" \/>\n<meta property=\"article:modified_time\" content=\"2022-05-11T11:47:48+00:00\" \/>\n<meta property=\"og:image\" content=\"https:\/\/wp.hansknoepfel.ch\/wp-content\/uploads\/2018\/12\/neve-envelope-1.png\" \/>\n<meta name=\"twitter:card\" content=\"summary_large_image\" \/>\n<meta name=\"twitter:label1\" content=\"Gesch\u00e4tzte Lesezeit\" \/>\n\t<meta name=\"twitter:data1\" content=\"3\u00a0Minuten\" \/>\n<script type=\"application\/ld+json\" class=\"yoast-schema-graph\">{\"@context\":\"https:\/\/schema.org\",\"@graph\":[{\"@type\":\"WebPage\",\"@id\":\"https:\/\/wp.hansknoepfel.ch\/?page_id=1099\",\"url\":\"https:\/\/wp.hansknoepfel.ch\/?page_id=1099\",\"name\":\"Interim Management - Hans Kn\u00f6pfel\",\"isPartOf\":{\"@id\":\"https:\/\/wp.hansknoepfel.ch\/#website\"},\"primaryImageOfPage\":{\"@id\":\"https:\/\/wp.hansknoepfel.ch\/?page_id=1099#primaryimage\"},\"image\":{\"@id\":\"https:\/\/wp.hansknoepfel.ch\/?page_id=1099#primaryimage\"},\"thumbnailUrl\":\"https:\/\/wp.hansknoepfel.ch\/wp-content\/uploads\/2018\/12\/neve-envelope-1.png\",\"datePublished\":\"2020-04-29T05:33:24+00:00\",\"dateModified\":\"2022-05-11T11:47:48+00:00\",\"breadcrumb\":{\"@id\":\"https:\/\/wp.hansknoepfel.ch\/?page_id=1099#breadcrumb\"},\"inLanguage\":\"de\",\"potentialAction\":[{\"@type\":\"ReadAction\",\"target\":[\"https:\/\/wp.hansknoepfel.ch\/?page_id=1099\"]}]},{\"@type\":\"ImageObject\",\"inLanguage\":\"de\",\"@id\":\"https:\/\/wp.hansknoepfel.ch\/?page_id=1099#primaryimage\",\"url\":\"https:\/\/wp.hansknoepfel.ch\/wp-content\/uploads\/2018\/12\/neve-envelope-1.png\",\"contentUrl\":\"https:\/\/wp.hansknoepfel.ch\/wp-content\/uploads\/2018\/12\/neve-envelope-1.png\",\"width\":55,\"height\":55},{\"@type\":\"BreadcrumbList\",\"@id\":\"https:\/\/wp.hansknoepfel.ch\/?page_id=1099#breadcrumb\",\"itemListElement\":[{\"@type\":\"ListItem\",\"position\":1,\"name\":\"Startseite\",\"item\":\"https:\/\/wp.hansknoepfel.ch\/\"},{\"@type\":\"ListItem\",\"position\":2,\"name\":\"Interim Management\"}]},{\"@type\":\"WebSite\",\"@id\":\"https:\/\/wp.hansknoepfel.ch\/#website\",\"url\":\"https:\/\/wp.hansknoepfel.ch\/\",\"name\":\"Hans Kn\u00f6pfel\",\"description\":\"Excellence in business\",\"publisher\":{\"@id\":\"https:\/\/wp.hansknoepfel.ch\/#organization\"},\"potentialAction\":[{\"@type\":\"SearchAction\",\"target\":{\"@type\":\"EntryPoint\",\"urlTemplate\":\"https:\/\/wp.hansknoepfel.ch\/?s={search_term_string}\"},\"query-input\":{\"@type\":\"PropertyValueSpecification\",\"valueRequired\":true,\"valueName\":\"search_term_string\"}}],\"inLanguage\":\"de\"},{\"@type\":\"Organization\",\"@id\":\"https:\/\/wp.hansknoepfel.ch\/#organization\",\"name\":\"Hans Kn\u00f6pfel\",\"url\":\"https:\/\/wp.hansknoepfel.ch\/\",\"logo\":{\"@type\":\"ImageObject\",\"inLanguage\":\"de\",\"@id\":\"https:\/\/wp.hansknoepfel.ch\/#\/schema\/logo\/image\/\",\"url\":\"https:\/\/wp.hansknoepfel.ch\/wp-content\/uploads\/2022\/04\/image002.png\",\"contentUrl\":\"https:\/\/wp.hansknoepfel.ch\/wp-content\/uploads\/2022\/04\/image002.png\",\"width\":376,\"height\":107,\"caption\":\"Hans Kn\u00f6pfel\"},\"image\":{\"@id\":\"https:\/\/wp.hansknoepfel.ch\/#\/schema\/logo\/image\/\"}}]}<\/script>\n<!-- \/ Yoast SEO plugin. -->","yoast_head_json":{"title":"Interim Management - Hans Kn\u00f6pfel","robots":{"index":"index","follow":"follow","max-snippet":"max-snippet:-1","max-image-preview":"max-image-preview:large","max-video-preview":"max-video-preview:-1"},"canonical":"https:\/\/wp.hansknoepfel.ch\/?page_id=1099","og_locale":"de_DE","og_type":"article","og_title":"Interim Management - Hans Kn\u00f6pfel","og_description":"Interim Management. Schnelle Hilfe durch die grosse Erfahrung. Ein schneller Start und das unmittelbare \u00dcbernehmen von Verantwortung zur Zielerreichung zeichnet jeden Interim Management Einsatz aus. Das gegenseitige Vertrauen ist die Voraussetzung. Erfahrung ist das eine, die Chemie das andere. Nur wenn beides gegeben ist, kann eine Zusammenarbeit erfolgreich gestaltet werden. In folgenden Situationen stehe ich&hellip;&nbsp;Weiterlesen &raquo;Interim Management","og_url":"https:\/\/wp.hansknoepfel.ch\/?page_id=1099","og_site_name":"Hans Kn\u00f6pfel","article_modified_time":"2022-05-11T11:47:48+00:00","og_image":[{"url":"https:\/\/wp.hansknoepfel.ch\/wp-content\/uploads\/2018\/12\/neve-envelope-1.png","type":"","width":"","height":""}],"twitter_card":"summary_large_image","twitter_misc":{"Gesch\u00e4tzte Lesezeit":"3\u00a0Minuten"},"schema":{"@context":"https:\/\/schema.org","@graph":[{"@type":"WebPage","@id":"https:\/\/wp.hansknoepfel.ch\/?page_id=1099","url":"https:\/\/wp.hansknoepfel.ch\/?page_id=1099","name":"Interim Management - Hans Kn\u00f6pfel","isPartOf":{"@id":"https:\/\/wp.hansknoepfel.ch\/#website"},"primaryImageOfPage":{"@id":"https:\/\/wp.hansknoepfel.ch\/?page_id=1099#primaryimage"},"image":{"@id":"https:\/\/wp.hansknoepfel.ch\/?page_id=1099#primaryimage"},"thumbnailUrl":"https:\/\/wp.hansknoepfel.ch\/wp-content\/uploads\/2018\/12\/neve-envelope-1.png","datePublished":"2020-04-29T05:33:24+00:00","dateModified":"2022-05-11T11:47:48+00:00","breadcrumb":{"@id":"https:\/\/wp.hansknoepfel.ch\/?page_id=1099#breadcrumb"},"inLanguage":"de","potentialAction":[{"@type":"ReadAction","target":["https:\/\/wp.hansknoepfel.ch\/?page_id=1099"]}]},{"@type":"ImageObject","inLanguage":"de","@id":"https:\/\/wp.hansknoepfel.ch\/?page_id=1099#primaryimage","url":"https:\/\/wp.hansknoepfel.ch\/wp-content\/uploads\/2018\/12\/neve-envelope-1.png","contentUrl":"https:\/\/wp.hansknoepfel.ch\/wp-content\/uploads\/2018\/12\/neve-envelope-1.png","width":55,"height":55},{"@type":"BreadcrumbList","@id":"https:\/\/wp.hansknoepfel.ch\/?page_id=1099#breadcrumb","itemListElement":[{"@type":"ListItem","position":1,"name":"Startseite","item":"https:\/\/wp.hansknoepfel.ch\/"},{"@type":"ListItem","position":2,"name":"Interim Management"}]},{"@type":"WebSite","@id":"https:\/\/wp.hansknoepfel.ch\/#website","url":"https:\/\/wp.hansknoepfel.ch\/","name":"Hans Kn\u00f6pfel","description":"Excellence in business","publisher":{"@id":"https:\/\/wp.hansknoepfel.ch\/#organization"},"potentialAction":[{"@type":"SearchAction","target":{"@type":"EntryPoint","urlTemplate":"https:\/\/wp.hansknoepfel.ch\/?s={search_term_string}"},"query-input":{"@type":"PropertyValueSpecification","valueRequired":true,"valueName":"search_term_string"}}],"inLanguage":"de"},{"@type":"Organization","@id":"https:\/\/wp.hansknoepfel.ch\/#organization","name":"Hans Kn\u00f6pfel","url":"https:\/\/wp.hansknoepfel.ch\/","logo":{"@type":"ImageObject","inLanguage":"de","@id":"https:\/\/wp.hansknoepfel.ch\/#\/schema\/logo\/image\/","url":"https:\/\/wp.hansknoepfel.ch\/wp-content\/uploads\/2022\/04\/image002.png","contentUrl":"https:\/\/wp.hansknoepfel.ch\/wp-content\/uploads\/2022\/04\/image002.png","width":376,"height":107,"caption":"Hans Kn\u00f6pfel"},"image":{"@id":"https:\/\/wp.hansknoepfel.ch\/#\/schema\/logo\/image\/"}}]}},"_links":{"self":[{"href":"https:\/\/wp.hansknoepfel.ch\/index.php?rest_route=\/wp\/v2\/pages\/1099","targetHints":{"allow":["GET"]}}],"collection":[{"href":"https:\/\/wp.hansknoepfel.ch\/index.php?rest_route=\/wp\/v2\/pages"}],"about":[{"href":"https:\/\/wp.hansknoepfel.ch\/index.php?rest_route=\/wp\/v2\/types\/page"}],"author":[{"embeddable":true,"href":"https:\/\/wp.hansknoepfel.ch\/index.php?rest_route=\/wp\/v2\/users\/1"}],"replies":[{"embeddable":true,"href":"https:\/\/wp.hansknoepfel.ch\/index.php?rest_route=%2Fwp%2Fv2%2Fcomments&post=1099"}],"version-history":[{"count":59,"href":"https:\/\/wp.hansknoepfel.ch\/index.php?rest_route=\/wp\/v2\/pages\/1099\/revisions"}],"predecessor-version":[{"id":2004,"href":"https:\/\/wp.hansknoepfel.ch\/index.php?rest_route=\/wp\/v2\/pages\/1099\/revisions\/2004"}],"wp:attachment":[{"href":"https:\/\/wp.hansknoepfel.ch\/index.php?rest_route=%2Fwp%2Fv2%2Fmedia&parent=1099"}],"curies":[{"name":"wp","href":"https:\/\/api.w.org\/{rel}","templated":true}]}}