{"id":1101,"date":"2020-04-29T05:33:44","date_gmt":"2020-04-29T05:33:44","guid":{"rendered":"https:\/\/wp.hansknoepfel.ch\/?page_id=1101"},"modified":"2022-05-11T11:56:37","modified_gmt":"2022-05-11T11:56:37","slug":"hk_ueber-mich","status":"publish","type":"page","link":"https:\/\/wp.hansknoepfel.ch\/?page_id=1101","title":{"rendered":"\u00dcber mich"},"content":{"rendered":"\t\t<div data-elementor-type=\"wp-post\" data-elementor-id=\"1101\" class=\"elementor elementor-1101\" data-elementor-post-type=\"page\">\n\t\t\t\t\t\t<section class=\"elementor-section elementor-top-section elementor-element elementor-element-905de37 elementor-section-boxed elementor-section-height-default elementor-section-height-default\" data-id=\"905de37\" data-element_type=\"section\" data-settings=\"{&quot;background_background&quot;:&quot;classic&quot;}\">\n\t\t\t\t\t\t<div class=\"elementor-container elementor-column-gap-default\">\n\t\t\t\t\t<div class=\"elementor-column elementor-col-100 elementor-top-column elementor-element elementor-element-53123fa\" data-id=\"53123fa\" data-element_type=\"column\">\n\t\t\t<div class=\"elementor-widget-wrap\">\n\t\t\t\t\t\t\t<\/div>\n\t\t<\/div>\n\t\t\t\t\t<\/div>\n\t\t<\/section>\n\t\t\t\t<section class=\"elementor-section elementor-top-section elementor-element elementor-element-42c9421d elementor-section-boxed elementor-section-height-default elementor-section-height-default\" data-id=\"42c9421d\" data-element_type=\"section\" data-settings=\"{&quot;background_background&quot;:&quot;classic&quot;}\">\n\t\t\t\t\t\t<div class=\"elementor-container elementor-column-gap-default\">\n\t\t\t\t\t<div class=\"elementor-column elementor-col-100 elementor-top-column elementor-element elementor-element-52143f39\" data-id=\"52143f39\" data-element_type=\"column\">\n\t\t\t<div class=\"elementor-widget-wrap elementor-element-populated\">\n\t\t\t\t\t\t<div class=\"elementor-element elementor-element-e1737f3 elementor-widget elementor-widget-menu-anchor\" data-id=\"e1737f3\" data-element_type=\"widget\" data-widget_type=\"menu-anchor.default\">\n\t\t\t\t<div class=\"elementor-widget-container\">\n\t\t\t\t\t\t\t<div class=\"elementor-menu-anchor\" id=\"why-us\"><\/div>\n\t\t\t\t\t\t<\/div>\n\t\t\t\t<\/div>\n\t\t\t\t<div class=\"elementor-element elementor-element-570572e3 elementor-widget elementor-widget-heading\" data-id=\"570572e3\" data-element_type=\"widget\" data-widget_type=\"heading.default\">\n\t\t\t\t<div class=\"elementor-widget-container\">\n\t\t\t\t\t<h2 class=\"elementor-heading-title elementor-size-default\">Hans Kn\u00f6pfel \u2013 Wieso?<\/h2>\t\t\t\t<\/div>\n\t\t\t\t<\/div>\n\t\t\t\t<div class=\"elementor-element elementor-element-265459b9 elementor-widget elementor-widget-heading\" data-id=\"265459b9\" data-element_type=\"widget\" data-widget_type=\"heading.default\">\n\t\t\t\t<div class=\"elementor-widget-container\">\n\t\t\t\t\t<div class=\"elementor-heading-title elementor-size-default\">Erfolgsfaktoren \u2013 erfahren, innovativ, vertrauensvoll, umsetzungsstark\n<\/div>\t\t\t\t<\/div>\n\t\t\t\t<\/div>\n\t\t\t\t<div class=\"elementor-element elementor-element-4e326d7 elementor-widget elementor-widget-text-editor\" data-id=\"4e326d7\" data-element_type=\"widget\" data-widget_type=\"text-editor.default\">\n\t\t\t\t<div class=\"elementor-widget-container\">\n\t\t\t\t\t\t\t\t\t<p>Meine 30-j\u00e4hrige Erfahrung als selbst\u00e4ndiger Berater in unterschiedlichsten Projekten, Programmen und strategischen Imitativen sowie als Interim Manager in Top-F\u00fchrungspositionen erlaubt das Einbringen von \u201eout-of-the-box\u201c-Denken und f\u00fchrt durch die Interaktion mit den F\u00fchrungs- und Fachkr\u00e4ften zu tragbaren L\u00f6sungen.<\/p><p>Merkmale von mir sind:<\/p>\t\t\t\t\t\t\t\t<\/div>\n\t\t\t\t<\/div>\n\t\t\t\t<section class=\"elementor-section elementor-inner-section elementor-element elementor-element-19ae5320 elementor-section-boxed elementor-section-height-default elementor-section-height-default elementor-invisible\" data-id=\"19ae5320\" data-element_type=\"section\" data-settings=\"{&quot;animation&quot;:&quot;fadeInUp&quot;}\">\n\t\t\t\t\t\t<div class=\"elementor-container elementor-column-gap-no\">\n\t\t\t\t\t<div class=\"elementor-column elementor-col-33 elementor-inner-column elementor-element elementor-element-baae1c5\" data-id=\"baae1c5\" data-element_type=\"column\">\n\t\t\t<div class=\"elementor-widget-wrap elementor-element-populated\">\n\t\t\t\t\t\t<div class=\"elementor-element elementor-element-3d31406c elementor-position-left elementor-vertical-align-top elementor-widget elementor-widget-image-box\" data-id=\"3d31406c\" data-element_type=\"widget\" data-widget_type=\"image-box.default\">\n\t\t\t\t<div class=\"elementor-widget-container\">\n\t\t\t\t\t<div class=\"elementor-image-box-wrapper\"><figure class=\"elementor-image-box-img\"><img decoding=\"async\" width=\"53\" height=\"59\" src=\"https:\/\/wp.hansknoepfel.ch\/wp-content\/uploads\/2018\/12\/neve-business-growth-1.png\" class=\"attachment-full size-full wp-image-163\" alt=\"\" \/><\/figure><div class=\"elementor-image-box-content\"><span class=\"elementor-image-box-title\">L\u00f6sungen eingef\u00fchrt<\/span><\/div><\/div>\t\t\t\t<\/div>\n\t\t\t\t<\/div>\n\t\t\t\t<div class=\"elementor-element elementor-element-550d0e4d elementor-widget elementor-widget-text-editor\" data-id=\"550d0e4d\" data-element_type=\"widget\" data-widget_type=\"text-editor.default\">\n\t\t\t\t<div class=\"elementor-widget-container\">\n\t\t\t\t\t\t\t\t\t<p>Die langj\u00e4hrige Erfahrung in Industrie und Beratung erlauben schnell auf den Kern der Herausforderung zu kommen und zielgerichtet, ohne Zeitverzug, an L\u00f6sungen zu arbeiten und diese zu implementieren, dadurch wird eine schnelle Leistungssteigerung und Verbesserung der Ergebnisse erreicht.<\/p>\t\t\t\t\t\t\t\t<\/div>\n\t\t\t\t<\/div>\n\t\t\t\t\t<\/div>\n\t\t<\/div>\n\t\t\t\t<div class=\"elementor-column elementor-col-33 elementor-inner-column elementor-element elementor-element-366b12db\" data-id=\"366b12db\" data-element_type=\"column\">\n\t\t\t<div class=\"elementor-widget-wrap elementor-element-populated\">\n\t\t\t\t\t\t<div class=\"elementor-element elementor-element-72c4b85c elementor-position-left elementor-vertical-align-top elementor-widget elementor-widget-image-box\" data-id=\"72c4b85c\" data-element_type=\"widget\" data-widget_type=\"image-box.default\">\n\t\t\t\t<div class=\"elementor-widget-container\">\n\t\t\t\t\t<div class=\"elementor-image-box-wrapper\"><figure class=\"elementor-image-box-img\"><img decoding=\"async\" width=\"52\" height=\"59\" src=\"https:\/\/wp.hansknoepfel.ch\/wp-content\/uploads\/2018\/12\/neve-unlimited-revisions2.png\" class=\"attachment-full size-full wp-image-192\" alt=\"\" \/><\/figure><div class=\"elementor-image-box-content\"><div class=\"elementor-image-box-title\">Ausbildung vernetzt mit Erfahrung<\/div><\/div><\/div>\t\t\t\t<\/div>\n\t\t\t\t<\/div>\n\t\t\t\t<div class=\"elementor-element elementor-element-eda63d0 elementor-widget elementor-widget-text-editor\" data-id=\"eda63d0\" data-element_type=\"widget\" data-widget_type=\"text-editor.default\">\n\t\t\t\t<div class=\"elementor-widget-container\">\n\t\t\t\t\t\t\t\t\t<p>Dank den nebenberuflichen Ausbildungen zum dipl. Elektro-Ingenieur FH und Betriebswirtschafter FH sowie der T\u00e4tigkeit in Entwicklung und Produktion, als COO und Gr\u00fcnder der eigenen Firma, verkn\u00fcpft mit vielen Transformationsprojekten, k\u00f6nnen neueste technische M\u00f6glichkeiten antizipiert und in machbare L\u00f6sungen \u00fcberf\u00fchrt werden.<\/p>\t\t\t\t\t\t\t\t<\/div>\n\t\t\t\t<\/div>\n\t\t\t\t\t<\/div>\n\t\t<\/div>\n\t\t\t\t<div class=\"elementor-column elementor-col-33 elementor-inner-column elementor-element elementor-element-1deb560a\" data-id=\"1deb560a\" data-element_type=\"column\">\n\t\t\t<div class=\"elementor-widget-wrap elementor-element-populated\">\n\t\t\t\t\t\t<div class=\"elementor-element elementor-element-370769bf elementor-position-left elementor-vertical-align-top elementor-widget elementor-widget-image-box\" data-id=\"370769bf\" data-element_type=\"widget\" data-widget_type=\"image-box.default\">\n\t\t\t\t<div class=\"elementor-widget-container\">\n\t\t\t\t\t<div class=\"elementor-image-box-wrapper\"><figure class=\"elementor-image-box-img\"><img decoding=\"async\" width=\"53\" height=\"59\" src=\"https:\/\/wp.hansknoepfel.ch\/wp-content\/uploads\/2018\/12\/neve-ultimate-perfection-1.png\" class=\"attachment-full size-full wp-image-193\" alt=\"\" \/><\/figure><div class=\"elementor-image-box-content\"><span class=\"elementor-image-box-title\">Empathie leben<\/span><\/div><\/div>\t\t\t\t<\/div>\n\t\t\t\t<\/div>\n\t\t\t\t<div class=\"elementor-element elementor-element-50061f0d elementor-widget elementor-widget-text-editor\" data-id=\"50061f0d\" data-element_type=\"widget\" data-widget_type=\"text-editor.default\">\n\t\t\t\t<div class=\"elementor-widget-container\">\n\t\t\t\t\t\t\t\t\t<p>Durch die Seniorit\u00e4t k\u00f6nnen schwierige und komplexe Situationen zusammen mit den Betroffenen verz\u00f6gerungsfrei angegangen und gemeinsam gel\u00f6st werden. Alle Optiken und Interessen in den Teams miteinander abw\u00e4gen und dann zu klaren Entscheiden kommen, bildet die Grundlage f\u00fcr Motivation der Ver\u00e4nderung.<\/p>\t\t\t\t\t\t\t\t<\/div>\n\t\t\t\t<\/div>\n\t\t\t\t\t<\/div>\n\t\t<\/div>\n\t\t\t\t\t<\/div>\n\t\t<\/section>\n\t\t\t\t<section class=\"elementor-section elementor-inner-section elementor-element elementor-element-7fabc90e elementor-section-boxed elementor-section-height-default elementor-section-height-default elementor-invisible\" data-id=\"7fabc90e\" data-element_type=\"section\" data-settings=\"{&quot;animation&quot;:&quot;fadeInUp&quot;}\">\n\t\t\t\t\t\t<div class=\"elementor-container elementor-column-gap-no\">\n\t\t\t\t\t<div class=\"elementor-column elementor-col-33 elementor-inner-column elementor-element elementor-element-4eb3c4fd\" data-id=\"4eb3c4fd\" data-element_type=\"column\">\n\t\t\t<div class=\"elementor-widget-wrap elementor-element-populated\">\n\t\t\t\t\t\t<div class=\"elementor-element elementor-element-784412fb elementor-position-left elementor-vertical-align-top elementor-widget elementor-widget-image-box\" data-id=\"784412fb\" data-element_type=\"widget\" data-widget_type=\"image-box.default\">\n\t\t\t\t<div class=\"elementor-widget-container\">\n\t\t\t\t\t<div class=\"elementor-image-box-wrapper\"><figure class=\"elementor-image-box-img\"><img loading=\"lazy\" decoding=\"async\" width=\"57\" height=\"55\" src=\"https:\/\/wp.hansknoepfel.ch\/wp-content\/uploads\/2018\/12\/neve-smart-experience1.png\" class=\"attachment-full size-full wp-image-194\" alt=\"\" \/><\/figure><div class=\"elementor-image-box-content\"><span class=\"elementor-image-box-title\">Erfolgreiches Wirken<\/span><\/div><\/div>\t\t\t\t<\/div>\n\t\t\t\t<\/div>\n\t\t\t\t<div class=\"elementor-element elementor-element-51efb023 elementor-widget elementor-widget-text-editor\" data-id=\"51efb023\" data-element_type=\"widget\" data-widget_type=\"text-editor.default\">\n\t\t\t\t<div class=\"elementor-widget-container\">\n\t\t\t\t\t\t\t\t\t<p>In \u00fcber 30 Jahren in der Beratung konnte der Ruf als pragmatischer aber auch querdenkender, innovativer und vertrauensvoller Sparringpartner und Interim Manager gefestigt werden, die Referenzen sprechen f\u00fcr sich.<\/p>\t\t\t\t\t\t\t\t<\/div>\n\t\t\t\t<\/div>\n\t\t\t\t\t<\/div>\n\t\t<\/div>\n\t\t\t\t<div class=\"elementor-column elementor-col-33 elementor-inner-column elementor-element elementor-element-e9132ea\" data-id=\"e9132ea\" data-element_type=\"column\">\n\t\t\t<div class=\"elementor-widget-wrap elementor-element-populated\">\n\t\t\t\t\t\t<div class=\"elementor-element elementor-element-388bd34e elementor-position-left elementor-vertical-align-top elementor-widget elementor-widget-image-box\" data-id=\"388bd34e\" data-element_type=\"widget\" data-widget_type=\"image-box.default\">\n\t\t\t\t<div class=\"elementor-widget-container\">\n\t\t\t\t\t<div class=\"elementor-image-box-wrapper\"><figure class=\"elementor-image-box-img\"><img loading=\"lazy\" decoding=\"async\" width=\"53\" height=\"59\" src=\"https:\/\/wp.hansknoepfel.ch\/wp-content\/uploads\/2018\/12\/neve-strict-deadline1.png\" class=\"attachment-full size-full wp-image-195\" alt=\"\" \/><\/figure><div class=\"elementor-image-box-content\"><span class=\"elementor-image-box-title\">Praxisnaher Dozent<\/span><\/div><\/div>\t\t\t\t<\/div>\n\t\t\t\t<\/div>\n\t\t\t\t<div class=\"elementor-element elementor-element-4d047daa elementor-widget elementor-widget-text-editor\" data-id=\"4d047daa\" data-element_type=\"widget\" data-widget_type=\"text-editor.default\">\n\t\t\t\t<div class=\"elementor-widget-container\">\n\t\t\t\t\t\t\t\t\t<p>Regelm\u00e4ssige Eins\u00e4tze als Dozent bei St. Galler Instituten zu Business &amp; Operational Excellence machen Freude und erm\u00f6glichen das Wissen mit den Teilnehmerinnen und Teilnehmern auf ihre Praxistauglichkeit zu testen bzw. anzuwenden.\u00a0<\/p><p>Die Mitwirkung beim Aufbau des EMBA in SCM an der ETHZ und die Organisation von Fallstudien in namhaften Unternehmen erm\u00f6glichte vertiefte Einblicke in die Bed\u00fcrfnisse der international t\u00e4tigen Unternehmen.<\/p>\t\t\t\t\t\t\t\t<\/div>\n\t\t\t\t<\/div>\n\t\t\t\t\t<\/div>\n\t\t<\/div>\n\t\t\t\t<div class=\"elementor-column elementor-col-33 elementor-inner-column elementor-element elementor-element-644bb5a0\" data-id=\"644bb5a0\" data-element_type=\"column\">\n\t\t\t<div class=\"elementor-widget-wrap elementor-element-populated\">\n\t\t\t\t\t\t<div class=\"elementor-element elementor-element-3fe9a264 elementor-position-left elementor-vertical-align-top elementor-widget elementor-widget-image-box\" data-id=\"3fe9a264\" data-element_type=\"widget\" data-widget_type=\"image-box.default\">\n\t\t\t\t<div class=\"elementor-widget-container\">\n\t\t\t\t\t<div class=\"elementor-image-box-wrapper\"><figure class=\"elementor-image-box-img\"><img loading=\"lazy\" decoding=\"async\" width=\"35\" height=\"59\" src=\"https:\/\/wp.hansknoepfel.ch\/wp-content\/uploads\/2018\/12\/neve-reputed-copmany1.png\" class=\"attachment-full size-full wp-image-196\" alt=\"\" \/><\/figure><div class=\"elementor-image-box-content\"><span class=\"elementor-image-box-title\">Strategien umsetzen. Ziele erreichen.<\/span><\/div><\/div>\t\t\t\t<\/div>\n\t\t\t\t<\/div>\n\t\t\t\t<div class=\"elementor-element elementor-element-201545fd elementor-widget elementor-widget-text-editor\" data-id=\"201545fd\" data-element_type=\"widget\" data-widget_type=\"text-editor.default\">\n\t\t\t\t<div class=\"elementor-widget-container\">\n\t\t\t\t\t\t\t\t\t<p>Die besten Strategien, die tollsten Methoden und Theorien n\u00fctzen nichts, wenn sie nicht mit den Zielen des Kunden abgestimmt sind. Nur so werden am Schluss Resultate erreicht, die auch umgesetzt werden. Dies ist die gr\u00f6sste Freude f\u00fcr mich.<\/p>\t\t\t\t\t\t\t\t<\/div>\n\t\t\t\t<\/div>\n\t\t\t\t\t<\/div>\n\t\t<\/div>\n\t\t\t\t\t<\/div>\n\t\t<\/section>\n\t\t\t\t<div class=\"elementor-element elementor-element-32f38d5c animated-slow elementor-mobile-align-center elementor-align-center elementor-invisible elementor-widget elementor-widget-button\" data-id=\"32f38d5c\" data-element_type=\"widget\" data-settings=\"{&quot;_animation&quot;:&quot;fadeInRight&quot;}\" data-widget_type=\"button.default\">\n\t\t\t\t<div class=\"elementor-widget-container\">\n\t\t\t\t\t\t\t\t\t<div class=\"elementor-button-wrapper\">\n\t\t\t\t\t<a class=\"elementor-button elementor-button-link elementor-size-sm\" href=\"https:\/\/wp.hansknoepfel.ch\/wp-content\/uploads\/2022\/04\/hk_Kurzprofil_D-I.pdf\">\n\t\t\t\t\t\t<span class=\"elementor-button-content-wrapper\">\n\t\t\t\t\t\t\t\t\t<span class=\"elementor-button-text\">Download Kurzprofil<\/span>\n\t\t\t\t\t<\/span>\n\t\t\t\t\t<\/a>\n\t\t\t\t<\/div>\n\t\t\t\t\t\t\t\t<\/div>\n\t\t\t\t<\/div>\n\t\t\t\t\t<\/div>\n\t\t<\/div>\n\t\t\t\t\t<\/div>\n\t\t<\/section>\n\t\t\t\t<\/div>\n\t\t","protected":false},"excerpt":{"rendered":"<p>Hans Kn\u00f6pfel \u2013 Wieso? Erfolgsfaktoren \u2013 erfahren, innovativ, vertrauensvoll, umsetzungsstark Meine 30-j\u00e4hrige Erfahrung als selbst\u00e4ndiger Berater in unterschiedlichsten Projekten, Programmen und strategischen Imitativen sowie als Interim Manager in Top-F\u00fchrungspositionen erlaubt das Einbringen von \u201eout-of-the-box\u201c-Denken und f\u00fchrt durch die Interaktion mit den F\u00fchrungs- und Fachkr\u00e4ften zu tragbaren L\u00f6sungen. Merkmale von mir sind: L\u00f6sungen eingef\u00fchrt Die langj\u00e4hrige&hellip;&nbsp;<a href=\"https:\/\/wp.hansknoepfel.ch\/?page_id=1101\" rel=\"bookmark\">Weiterlesen &raquo;<span class=\"screen-reader-text\">\u00dcber mich<\/span><\/a><\/p>\n","protected":false},"author":1,"featured_media":0,"parent":0,"menu_order":0,"comment_status":"closed","ping_status":"closed","template":"page-templates\/template-pagebuilder-full-width.php","meta":{"neve_meta_sidebar":"","neve_meta_container":"","neve_meta_enable_content_width":"off","neve_meta_content_width":0,"neve_meta_title_alignment":"","neve_meta_author_avatar":"","neve_post_elements_order":"","neve_meta_disable_header":"","neve_meta_disable_footer":"","neve_meta_disable_title":"","neve_meta_reading_time":"","_themeisle_gutenberg_block_has_review":false,"footnotes":""},"class_list":["post-1101","page","type-page","status-publish","hentry"],"yoast_head":"<!-- This site is optimized with the Yoast SEO plugin v25.5 - https:\/\/yoast.com\/wordpress\/plugins\/seo\/ -->\n<title>\u00dcber mich - Hans Kn\u00f6pfel<\/title>\n<meta name=\"robots\" content=\"index, follow, max-snippet:-1, max-image-preview:large, max-video-preview:-1\" \/>\n<link rel=\"canonical\" href=\"https:\/\/wp.hansknoepfel.ch\/?page_id=1101\" \/>\n<meta property=\"og:locale\" content=\"de_DE\" \/>\n<meta property=\"og:type\" content=\"article\" \/>\n<meta property=\"og:title\" content=\"\u00dcber mich - Hans Kn\u00f6pfel\" \/>\n<meta property=\"og:description\" content=\"Hans Kn\u00f6pfel \u2013 Wieso? Erfolgsfaktoren \u2013 erfahren, innovativ, vertrauensvoll, umsetzungsstark Meine 30-j\u00e4hrige Erfahrung als selbst\u00e4ndiger Berater in unterschiedlichsten Projekten, Programmen und strategischen Imitativen sowie als Interim Manager in Top-F\u00fchrungspositionen erlaubt das Einbringen von \u201eout-of-the-box\u201c-Denken und f\u00fchrt durch die Interaktion mit den F\u00fchrungs- und Fachkr\u00e4ften zu tragbaren L\u00f6sungen. Merkmale von mir sind: L\u00f6sungen eingef\u00fchrt Die langj\u00e4hrige&hellip;&nbsp;Weiterlesen &raquo;\u00dcber mich\" \/>\n<meta property=\"og:url\" content=\"https:\/\/wp.hansknoepfel.ch\/?page_id=1101\" \/>\n<meta property=\"og:site_name\" content=\"Hans Kn\u00f6pfel\" \/>\n<meta property=\"article:modified_time\" content=\"2022-05-11T11:56:37+00:00\" \/>\n<meta property=\"og:image\" content=\"https:\/\/wp.hansknoepfel.ch\/wp-content\/uploads\/2018\/12\/neve-business-growth-1.png\" \/>\n<meta name=\"twitter:card\" content=\"summary_large_image\" \/>\n<meta name=\"twitter:label1\" content=\"Gesch\u00e4tzte Lesezeit\" \/>\n\t<meta name=\"twitter:data1\" content=\"3\u00a0Minuten\" \/>\n<script type=\"application\/ld+json\" class=\"yoast-schema-graph\">{\"@context\":\"https:\/\/schema.org\",\"@graph\":[{\"@type\":\"WebPage\",\"@id\":\"https:\/\/wp.hansknoepfel.ch\/?page_id=1101\",\"url\":\"https:\/\/wp.hansknoepfel.ch\/?page_id=1101\",\"name\":\"\u00dcber mich - Hans Kn\u00f6pfel\",\"isPartOf\":{\"@id\":\"https:\/\/wp.hansknoepfel.ch\/#website\"},\"primaryImageOfPage\":{\"@id\":\"https:\/\/wp.hansknoepfel.ch\/?page_id=1101#primaryimage\"},\"image\":{\"@id\":\"https:\/\/wp.hansknoepfel.ch\/?page_id=1101#primaryimage\"},\"thumbnailUrl\":\"https:\/\/wp.hansknoepfel.ch\/wp-content\/uploads\/2018\/12\/neve-business-growth-1.png\",\"datePublished\":\"2020-04-29T05:33:44+00:00\",\"dateModified\":\"2022-05-11T11:56:37+00:00\",\"breadcrumb\":{\"@id\":\"https:\/\/wp.hansknoepfel.ch\/?page_id=1101#breadcrumb\"},\"inLanguage\":\"de\",\"potentialAction\":[{\"@type\":\"ReadAction\",\"target\":[\"https:\/\/wp.hansknoepfel.ch\/?page_id=1101\"]}]},{\"@type\":\"ImageObject\",\"inLanguage\":\"de\",\"@id\":\"https:\/\/wp.hansknoepfel.ch\/?page_id=1101#primaryimage\",\"url\":\"https:\/\/wp.hansknoepfel.ch\/wp-content\/uploads\/2018\/12\/neve-business-growth-1.png\",\"contentUrl\":\"https:\/\/wp.hansknoepfel.ch\/wp-content\/uploads\/2018\/12\/neve-business-growth-1.png\",\"width\":53,\"height\":59},{\"@type\":\"BreadcrumbList\",\"@id\":\"https:\/\/wp.hansknoepfel.ch\/?page_id=1101#breadcrumb\",\"itemListElement\":[{\"@type\":\"ListItem\",\"position\":1,\"name\":\"Startseite\",\"item\":\"https:\/\/wp.hansknoepfel.ch\/\"},{\"@type\":\"ListItem\",\"position\":2,\"name\":\"\u00dcber mich\"}]},{\"@type\":\"WebSite\",\"@id\":\"https:\/\/wp.hansknoepfel.ch\/#website\",\"url\":\"https:\/\/wp.hansknoepfel.ch\/\",\"name\":\"Hans Kn\u00f6pfel\",\"description\":\"Excellence in business\",\"publisher\":{\"@id\":\"https:\/\/wp.hansknoepfel.ch\/#organization\"},\"potentialAction\":[{\"@type\":\"SearchAction\",\"target\":{\"@type\":\"EntryPoint\",\"urlTemplate\":\"https:\/\/wp.hansknoepfel.ch\/?s={search_term_string}\"},\"query-input\":{\"@type\":\"PropertyValueSpecification\",\"valueRequired\":true,\"valueName\":\"search_term_string\"}}],\"inLanguage\":\"de\"},{\"@type\":\"Organization\",\"@id\":\"https:\/\/wp.hansknoepfel.ch\/#organization\",\"name\":\"Hans Kn\u00f6pfel\",\"url\":\"https:\/\/wp.hansknoepfel.ch\/\",\"logo\":{\"@type\":\"ImageObject\",\"inLanguage\":\"de\",\"@id\":\"https:\/\/wp.hansknoepfel.ch\/#\/schema\/logo\/image\/\",\"url\":\"https:\/\/wp.hansknoepfel.ch\/wp-content\/uploads\/2022\/04\/image002.png\",\"contentUrl\":\"https:\/\/wp.hansknoepfel.ch\/wp-content\/uploads\/2022\/04\/image002.png\",\"width\":376,\"height\":107,\"caption\":\"Hans Kn\u00f6pfel\"},\"image\":{\"@id\":\"https:\/\/wp.hansknoepfel.ch\/#\/schema\/logo\/image\/\"}}]}<\/script>\n<!-- \/ Yoast SEO plugin. -->","yoast_head_json":{"title":"\u00dcber mich - Hans Kn\u00f6pfel","robots":{"index":"index","follow":"follow","max-snippet":"max-snippet:-1","max-image-preview":"max-image-preview:large","max-video-preview":"max-video-preview:-1"},"canonical":"https:\/\/wp.hansknoepfel.ch\/?page_id=1101","og_locale":"de_DE","og_type":"article","og_title":"\u00dcber mich - Hans Kn\u00f6pfel","og_description":"Hans Kn\u00f6pfel \u2013 Wieso? Erfolgsfaktoren \u2013 erfahren, innovativ, vertrauensvoll, umsetzungsstark Meine 30-j\u00e4hrige Erfahrung als selbst\u00e4ndiger Berater in unterschiedlichsten Projekten, Programmen und strategischen Imitativen sowie als Interim Manager in Top-F\u00fchrungspositionen erlaubt das Einbringen von \u201eout-of-the-box\u201c-Denken und f\u00fchrt durch die Interaktion mit den F\u00fchrungs- und Fachkr\u00e4ften zu tragbaren L\u00f6sungen. Merkmale von mir sind: L\u00f6sungen eingef\u00fchrt Die langj\u00e4hrige&hellip;&nbsp;Weiterlesen &raquo;\u00dcber mich","og_url":"https:\/\/wp.hansknoepfel.ch\/?page_id=1101","og_site_name":"Hans Kn\u00f6pfel","article_modified_time":"2022-05-11T11:56:37+00:00","og_image":[{"url":"https:\/\/wp.hansknoepfel.ch\/wp-content\/uploads\/2018\/12\/neve-business-growth-1.png","type":"","width":"","height":""}],"twitter_card":"summary_large_image","twitter_misc":{"Gesch\u00e4tzte Lesezeit":"3\u00a0Minuten"},"schema":{"@context":"https:\/\/schema.org","@graph":[{"@type":"WebPage","@id":"https:\/\/wp.hansknoepfel.ch\/?page_id=1101","url":"https:\/\/wp.hansknoepfel.ch\/?page_id=1101","name":"\u00dcber mich - Hans Kn\u00f6pfel","isPartOf":{"@id":"https:\/\/wp.hansknoepfel.ch\/#website"},"primaryImageOfPage":{"@id":"https:\/\/wp.hansknoepfel.ch\/?page_id=1101#primaryimage"},"image":{"@id":"https:\/\/wp.hansknoepfel.ch\/?page_id=1101#primaryimage"},"thumbnailUrl":"https:\/\/wp.hansknoepfel.ch\/wp-content\/uploads\/2018\/12\/neve-business-growth-1.png","datePublished":"2020-04-29T05:33:44+00:00","dateModified":"2022-05-11T11:56:37+00:00","breadcrumb":{"@id":"https:\/\/wp.hansknoepfel.ch\/?page_id=1101#breadcrumb"},"inLanguage":"de","potentialAction":[{"@type":"ReadAction","target":["https:\/\/wp.hansknoepfel.ch\/?page_id=1101"]}]},{"@type":"ImageObject","inLanguage":"de","@id":"https:\/\/wp.hansknoepfel.ch\/?page_id=1101#primaryimage","url":"https:\/\/wp.hansknoepfel.ch\/wp-content\/uploads\/2018\/12\/neve-business-growth-1.png","contentUrl":"https:\/\/wp.hansknoepfel.ch\/wp-content\/uploads\/2018\/12\/neve-business-growth-1.png","width":53,"height":59},{"@type":"BreadcrumbList","@id":"https:\/\/wp.hansknoepfel.ch\/?page_id=1101#breadcrumb","itemListElement":[{"@type":"ListItem","position":1,"name":"Startseite","item":"https:\/\/wp.hansknoepfel.ch\/"},{"@type":"ListItem","position":2,"name":"\u00dcber mich"}]},{"@type":"WebSite","@id":"https:\/\/wp.hansknoepfel.ch\/#website","url":"https:\/\/wp.hansknoepfel.ch\/","name":"Hans Kn\u00f6pfel","description":"Excellence in business","publisher":{"@id":"https:\/\/wp.hansknoepfel.ch\/#organization"},"potentialAction":[{"@type":"SearchAction","target":{"@type":"EntryPoint","urlTemplate":"https:\/\/wp.hansknoepfel.ch\/?s={search_term_string}"},"query-input":{"@type":"PropertyValueSpecification","valueRequired":true,"valueName":"search_term_string"}}],"inLanguage":"de"},{"@type":"Organization","@id":"https:\/\/wp.hansknoepfel.ch\/#organization","name":"Hans Kn\u00f6pfel","url":"https:\/\/wp.hansknoepfel.ch\/","logo":{"@type":"ImageObject","inLanguage":"de","@id":"https:\/\/wp.hansknoepfel.ch\/#\/schema\/logo\/image\/","url":"https:\/\/wp.hansknoepfel.ch\/wp-content\/uploads\/2022\/04\/image002.png","contentUrl":"https:\/\/wp.hansknoepfel.ch\/wp-content\/uploads\/2022\/04\/image002.png","width":376,"height":107,"caption":"Hans Kn\u00f6pfel"},"image":{"@id":"https:\/\/wp.hansknoepfel.ch\/#\/schema\/logo\/image\/"}}]}},"_links":{"self":[{"href":"https:\/\/wp.hansknoepfel.ch\/index.php?rest_route=\/wp\/v2\/pages\/1101","targetHints":{"allow":["GET"]}}],"collection":[{"href":"https:\/\/wp.hansknoepfel.ch\/index.php?rest_route=\/wp\/v2\/pages"}],"about":[{"href":"https:\/\/wp.hansknoepfel.ch\/index.php?rest_route=\/wp\/v2\/types\/page"}],"author":[{"embeddable":true,"href":"https:\/\/wp.hansknoepfel.ch\/index.php?rest_route=\/wp\/v2\/users\/1"}],"replies":[{"embeddable":true,"href":"https:\/\/wp.hansknoepfel.ch\/index.php?rest_route=%2Fwp%2Fv2%2Fcomments&post=1101"}],"version-history":[{"count":58,"href":"https:\/\/wp.hansknoepfel.ch\/index.php?rest_route=\/wp\/v2\/pages\/1101\/revisions"}],"predecessor-version":[{"id":2016,"href":"https:\/\/wp.hansknoepfel.ch\/index.php?rest_route=\/wp\/v2\/pages\/1101\/revisions\/2016"}],"wp:attachment":[{"href":"https:\/\/wp.hansknoepfel.ch\/index.php?rest_route=%2Fwp%2Fv2%2Fmedia&parent=1101"}],"curies":[{"name":"wp","href":"https:\/\/api.w.org\/{rel}","templated":true}]}}