{"id":859,"date":"2020-04-09T16:38:30","date_gmt":"2020-04-09T16:38:30","guid":{"rendered":"https:\/\/wp.hansknoepfel.ch\/?page_id=859"},"modified":"2022-05-11T09:39:44","modified_gmt":"2022-05-11T09:39:44","slug":"kontakt-ls","status":"publish","type":"page","link":"https:\/\/wp.hansknoepfel.ch\/?page_id=859","title":{"rendered":"Kontakt"},"content":{"rendered":"\t\t<div data-elementor-type=\"wp-post\" data-elementor-id=\"859\" class=\"elementor elementor-859\" data-elementor-post-type=\"page\">\n\t\t\t\t\t\t<section class=\"elementor-section elementor-top-section elementor-element elementor-element-175239c6 elementor-section-boxed elementor-section-height-default elementor-section-height-default\" data-id=\"175239c6\" data-element_type=\"section\" data-settings=\"{&quot;background_background&quot;:&quot;classic&quot;}\">\n\t\t\t\t\t\t\t<div class=\"elementor-background-overlay\"><\/div>\n\t\t\t\t\t\t\t<div class=\"elementor-container elementor-column-gap-default\">\n\t\t\t\t\t<div class=\"elementor-column elementor-col-100 elementor-top-column elementor-element elementor-element-14ce9d5d\" data-id=\"14ce9d5d\" data-element_type=\"column\">\n\t\t\t<div class=\"elementor-widget-wrap elementor-element-populated\">\n\t\t\t\t\t\t<div class=\"elementor-element elementor-element-45762fa elementor-widget elementor-widget-menu-anchor\" data-id=\"45762fa\" data-element_type=\"widget\" data-widget_type=\"menu-anchor.default\">\n\t\t\t\t<div class=\"elementor-widget-container\">\n\t\t\t\t\t\t\t<div class=\"elementor-menu-anchor\" id=\"contact\"><\/div>\n\t\t\t\t\t\t<\/div>\n\t\t\t\t<\/div>\n\t\t\t\t<div class=\"elementor-element elementor-element-7e8c2c75 elementor-widget elementor-widget-heading\" data-id=\"7e8c2c75\" data-element_type=\"widget\" data-widget_type=\"heading.default\">\n\t\t\t\t<div class=\"elementor-widget-container\">\n\t\t\t\t\t<h2 class=\"elementor-heading-title elementor-size-default\">Bleiben wir in Kontakt.<\/h2>\t\t\t\t<\/div>\n\t\t\t\t<\/div>\n\t\t\t\t<div class=\"elementor-element elementor-element-30ff963e elementor-widget elementor-widget-heading\" data-id=\"30ff963e\" data-element_type=\"widget\" data-widget_type=\"heading.default\">\n\t\t\t\t<div class=\"elementor-widget-container\">\n\t\t\t\t\t<div class=\"elementor-heading-title elementor-size-default\"><span>Wenn Sie mehr \u00fcber meine Dienstleistungen erfahren m\u00f6chten.<\/span><\/div>\t\t\t\t<\/div>\n\t\t\t\t<\/div>\n\t\t\t\t<div class=\"elementor-element elementor-element-7d50d4d8 elementor-widget elementor-widget-content_form_contact\" data-id=\"7d50d4d8\" data-element_type=\"widget\" id=\"nv-contact-form\" data-widget_type=\"content_form_contact.default\">\n\t\t\t\t<div class=\"elementor-widget-container\">\n\t\t\t\t\t<form action=\"https:\/\/wp.hansknoepfel.ch\/wp-admin\/admin-post.php\" method=\"post\" name=\"content-form-7d50d4d8\" id=\"content-form-7d50d4d8\" class=\"ti-cf-module content-form content-form-contact content_form_contact\"><input type=\"hidden\" id=\"_wpnonce_contact\" name=\"_wpnonce_contact\" value=\"ef89ee3008\" \/><input type=\"hidden\" name=\"_wp_http_referer\" value=\"\/index.php?rest_route=%2Fwp%2Fv2%2Fpages%2F859\" \/><input type=\"hidden\" name=\"action\" value=\"content_form_submit\" \/><input type=\"hidden\" name=\"form-type\" value=\"contact\" \/><input type=\"hidden\" name=\"form-builder\" value=\"elementor\" \/><input type=\"hidden\" name=\"post-id\" value=\"859\" \/><input type=\"hidden\" name=\"form-id\" value=\"7d50d4d8\" \/><fieldset class=\"content-form-field-text elementor-column elementor-col-50\"><label for=\"data[7d50d4d8][name]\" ><\/label><input type=\"text\" name=\"data[7d50d4d8][name]\" id=\"data[7d50d4d8][name]\"   placeholder=\"Ihr Name\"><\/fieldset><fieldset class=\"content-form-field-email elementor-column elementor-col-50\"><label for=\"data[7d50d4d8][email]\" ><\/label><input type=\"text\" name=\"data[7d50d4d8][email]\" id=\"data[7d50d4d8][email]\"   placeholder=\"Ihre Email\"><\/fieldset><fieldset class=\"content-form-field-text elementor-column elementor-col-100\"><label for=\"data[7d50d4d8][phone]\" ><\/label><input type=\"text\" name=\"data[7d50d4d8][phone]\" id=\"data[7d50d4d8][phone]\"   placeholder=\"Ihr Anliegen\"><\/fieldset><fieldset class=\"content-form-field-textarea elementor-column elementor-col-100\"><label for=\"data[7d50d4d8][message]\" ><\/label><textarea name=\"data[7d50d4d8][message]\" id=\"data[7d50d4d8][message]\"   placeholder=\"Ihre Nachricht\" cols=\"30\" rows=\"5\"><\/textarea><\/fieldset><fieldset class=\"submit-form contact\"><button type=\"submit\" name=\"submit\"  value=\"submit-contact-7d50d4d8\" class=\"\">Nachricht senden<\/button><\/fieldset><\/form>\t\t\t\t<\/div>\n\t\t\t\t<\/div>\n\t\t\t\t<div class=\"elementor-element elementor-element-4335542d elementor-hidden-desktop elementor-widget elementor-widget-html\" data-id=\"4335542d\" data-element_type=\"widget\" data-widget_type=\"html.default\">\n\t\t\t\t<div class=\"elementor-widget-container\">\n\t\t\t\t\t<div style=\"vertical-align: bottom; width: 25% float: left\">\t\t\t<div style=\"border-bottom: 3px solid #fc5f45; width: 25%;\r\n float: left\"><\/div>\r\n\t\t<div style=\"border-bottom: 3px solid #38c695; width: 25%;\r\n float: left\"><\/div>\t\t\t\t\t<div style=\"border-bottom: 3px solid #b27cf5; width: 25%;\r\n float: left\"><\/div>\r\n\t\t<div style=\"border-bottom: 3px solid #feb960; width: 25%;\r\n float: left\"><\/div>\r\n<\/div>\t\t\t\t<\/div>\n\t\t\t\t<\/div>\n\t\t\t\t<div class=\"elementor-element elementor-element-67019d5 elementor-shape-rounded elementor-grid-0 e-grid-align-center elementor-widget elementor-widget-social-icons\" data-id=\"67019d5\" data-element_type=\"widget\" data-widget_type=\"social-icons.default\">\n\t\t\t\t<div class=\"elementor-widget-container\">\n\t\t\t\t\t\t\t<div class=\"elementor-social-icons-wrapper elementor-grid\">\n\t\t\t\t\t\t\t<span class=\"elementor-grid-item\">\n\t\t\t\t\t<a class=\"elementor-icon elementor-social-icon elementor-social-icon-linkedin elementor-repeater-item-90233d7\" href=\"https:\/\/ch.linkedin.com\/in\/hans-kn%C3%B6pfel-1963889\" target=\"_blank\">\n\t\t\t\t\t\t<span class=\"elementor-screen-only\">Linkedin<\/span>\n\t\t\t\t\t\t<i class=\"fab fa-linkedin\"><\/i>\t\t\t\t\t<\/a>\n\t\t\t\t<\/span>\n\t\t\t\t\t<\/div>\n\t\t\t\t\t\t<\/div>\n\t\t\t\t<\/div>\n\t\t\t\t\t<\/div>\n\t\t<\/div>\n\t\t\t\t\t<\/div>\n\t\t<\/section>\n\t\t\t\t<\/div>\n\t\t","protected":false},"excerpt":{"rendered":"<p>Bleiben wir in Kontakt. Wenn Sie mehr \u00fcber meine Dienstleistungen erfahren m\u00f6chten. Nachricht senden Linkedin<\/p>\n","protected":false},"author":1,"featured_media":0,"parent":0,"menu_order":0,"comment_status":"closed","ping_status":"closed","template":"page-templates\/template-pagebuilder-full-width.php","meta":{"neve_meta_sidebar":"","neve_meta_container":"","neve_meta_enable_content_width":"off","neve_meta_content_width":0,"neve_meta_title_alignment":"","neve_meta_author_avatar":"","neve_post_elements_order":"","neve_meta_disable_header":"","neve_meta_disable_footer":"","neve_meta_disable_title":"","neve_meta_reading_time":"","_themeisle_gutenberg_block_has_review":false,"footnotes":""},"class_list":["post-859","page","type-page","status-publish","hentry"],"yoast_head":"<!-- This site is optimized with the Yoast SEO plugin v25.5 - https:\/\/yoast.com\/wordpress\/plugins\/seo\/ -->\n<title>Kontakt - Hans Kn\u00f6pfel<\/title>\n<meta name=\"robots\" content=\"index, follow, max-snippet:-1, max-image-preview:large, max-video-preview:-1\" \/>\n<link rel=\"canonical\" href=\"https:\/\/wp.hansknoepfel.ch\/?page_id=859\" \/>\n<meta property=\"og:locale\" content=\"de_DE\" \/>\n<meta property=\"og:type\" content=\"article\" \/>\n<meta property=\"og:title\" content=\"Kontakt - Hans Kn\u00f6pfel\" \/>\n<meta property=\"og:description\" content=\"Bleiben wir in Kontakt. Wenn Sie mehr \u00fcber meine Dienstleistungen erfahren m\u00f6chten. Nachricht senden Linkedin\" \/>\n<meta property=\"og:url\" content=\"https:\/\/wp.hansknoepfel.ch\/?page_id=859\" \/>\n<meta property=\"og:site_name\" content=\"Hans Kn\u00f6pfel\" \/>\n<meta property=\"article:modified_time\" content=\"2022-05-11T09:39:44+00:00\" \/>\n<meta name=\"twitter:card\" content=\"summary_large_image\" \/>\n<meta name=\"twitter:label1\" content=\"Gesch\u00e4tzte Lesezeit\" \/>\n\t<meta name=\"twitter:data1\" content=\"1\u00a0Minute\" \/>\n<script type=\"application\/ld+json\" class=\"yoast-schema-graph\">{\"@context\":\"https:\/\/schema.org\",\"@graph\":[{\"@type\":\"WebPage\",\"@id\":\"https:\/\/wp.hansknoepfel.ch\/?page_id=859\",\"url\":\"https:\/\/wp.hansknoepfel.ch\/?page_id=859\",\"name\":\"Kontakt - Hans Kn\u00f6pfel\",\"isPartOf\":{\"@id\":\"https:\/\/wp.hansknoepfel.ch\/#website\"},\"datePublished\":\"2020-04-09T16:38:30+00:00\",\"dateModified\":\"2022-05-11T09:39:44+00:00\",\"breadcrumb\":{\"@id\":\"https:\/\/wp.hansknoepfel.ch\/?page_id=859#breadcrumb\"},\"inLanguage\":\"de\",\"potentialAction\":[{\"@type\":\"ReadAction\",\"target\":[\"https:\/\/wp.hansknoepfel.ch\/?page_id=859\"]}]},{\"@type\":\"BreadcrumbList\",\"@id\":\"https:\/\/wp.hansknoepfel.ch\/?page_id=859#breadcrumb\",\"itemListElement\":[{\"@type\":\"ListItem\",\"position\":1,\"name\":\"Startseite\",\"item\":\"https:\/\/wp.hansknoepfel.ch\/\"},{\"@type\":\"ListItem\",\"position\":2,\"name\":\"Kontakt\"}]},{\"@type\":\"WebSite\",\"@id\":\"https:\/\/wp.hansknoepfel.ch\/#website\",\"url\":\"https:\/\/wp.hansknoepfel.ch\/\",\"name\":\"Hans Kn\u00f6pfel\",\"description\":\"Excellence in business\",\"publisher\":{\"@id\":\"https:\/\/wp.hansknoepfel.ch\/#organization\"},\"potentialAction\":[{\"@type\":\"SearchAction\",\"target\":{\"@type\":\"EntryPoint\",\"urlTemplate\":\"https:\/\/wp.hansknoepfel.ch\/?s={search_term_string}\"},\"query-input\":{\"@type\":\"PropertyValueSpecification\",\"valueRequired\":true,\"valueName\":\"search_term_string\"}}],\"inLanguage\":\"de\"},{\"@type\":\"Organization\",\"@id\":\"https:\/\/wp.hansknoepfel.ch\/#organization\",\"name\":\"Hans Kn\u00f6pfel\",\"url\":\"https:\/\/wp.hansknoepfel.ch\/\",\"logo\":{\"@type\":\"ImageObject\",\"inLanguage\":\"de\",\"@id\":\"https:\/\/wp.hansknoepfel.ch\/#\/schema\/logo\/image\/\",\"url\":\"https:\/\/wp.hansknoepfel.ch\/wp-content\/uploads\/2022\/04\/image002.png\",\"contentUrl\":\"https:\/\/wp.hansknoepfel.ch\/wp-content\/uploads\/2022\/04\/image002.png\",\"width\":376,\"height\":107,\"caption\":\"Hans Kn\u00f6pfel\"},\"image\":{\"@id\":\"https:\/\/wp.hansknoepfel.ch\/#\/schema\/logo\/image\/\"}}]}<\/script>\n<!-- \/ Yoast SEO plugin. -->","yoast_head_json":{"title":"Kontakt - Hans Kn\u00f6pfel","robots":{"index":"index","follow":"follow","max-snippet":"max-snippet:-1","max-image-preview":"max-image-preview:large","max-video-preview":"max-video-preview:-1"},"canonical":"https:\/\/wp.hansknoepfel.ch\/?page_id=859","og_locale":"de_DE","og_type":"article","og_title":"Kontakt - Hans Kn\u00f6pfel","og_description":"Bleiben wir in Kontakt. Wenn Sie mehr \u00fcber meine Dienstleistungen erfahren m\u00f6chten. Nachricht senden Linkedin","og_url":"https:\/\/wp.hansknoepfel.ch\/?page_id=859","og_site_name":"Hans Kn\u00f6pfel","article_modified_time":"2022-05-11T09:39:44+00:00","twitter_card":"summary_large_image","twitter_misc":{"Gesch\u00e4tzte Lesezeit":"1\u00a0Minute"},"schema":{"@context":"https:\/\/schema.org","@graph":[{"@type":"WebPage","@id":"https:\/\/wp.hansknoepfel.ch\/?page_id=859","url":"https:\/\/wp.hansknoepfel.ch\/?page_id=859","name":"Kontakt - Hans Kn\u00f6pfel","isPartOf":{"@id":"https:\/\/wp.hansknoepfel.ch\/#website"},"datePublished":"2020-04-09T16:38:30+00:00","dateModified":"2022-05-11T09:39:44+00:00","breadcrumb":{"@id":"https:\/\/wp.hansknoepfel.ch\/?page_id=859#breadcrumb"},"inLanguage":"de","potentialAction":[{"@type":"ReadAction","target":["https:\/\/wp.hansknoepfel.ch\/?page_id=859"]}]},{"@type":"BreadcrumbList","@id":"https:\/\/wp.hansknoepfel.ch\/?page_id=859#breadcrumb","itemListElement":[{"@type":"ListItem","position":1,"name":"Startseite","item":"https:\/\/wp.hansknoepfel.ch\/"},{"@type":"ListItem","position":2,"name":"Kontakt"}]},{"@type":"WebSite","@id":"https:\/\/wp.hansknoepfel.ch\/#website","url":"https:\/\/wp.hansknoepfel.ch\/","name":"Hans Kn\u00f6pfel","description":"Excellence in business","publisher":{"@id":"https:\/\/wp.hansknoepfel.ch\/#organization"},"potentialAction":[{"@type":"SearchAction","target":{"@type":"EntryPoint","urlTemplate":"https:\/\/wp.hansknoepfel.ch\/?s={search_term_string}"},"query-input":{"@type":"PropertyValueSpecification","valueRequired":true,"valueName":"search_term_string"}}],"inLanguage":"de"},{"@type":"Organization","@id":"https:\/\/wp.hansknoepfel.ch\/#organization","name":"Hans Kn\u00f6pfel","url":"https:\/\/wp.hansknoepfel.ch\/","logo":{"@type":"ImageObject","inLanguage":"de","@id":"https:\/\/wp.hansknoepfel.ch\/#\/schema\/logo\/image\/","url":"https:\/\/wp.hansknoepfel.ch\/wp-content\/uploads\/2022\/04\/image002.png","contentUrl":"https:\/\/wp.hansknoepfel.ch\/wp-content\/uploads\/2022\/04\/image002.png","width":376,"height":107,"caption":"Hans Kn\u00f6pfel"},"image":{"@id":"https:\/\/wp.hansknoepfel.ch\/#\/schema\/logo\/image\/"}}]}},"_links":{"self":[{"href":"https:\/\/wp.hansknoepfel.ch\/index.php?rest_route=\/wp\/v2\/pages\/859","targetHints":{"allow":["GET"]}}],"collection":[{"href":"https:\/\/wp.hansknoepfel.ch\/index.php?rest_route=\/wp\/v2\/pages"}],"about":[{"href":"https:\/\/wp.hansknoepfel.ch\/index.php?rest_route=\/wp\/v2\/types\/page"}],"author":[{"embeddable":true,"href":"https:\/\/wp.hansknoepfel.ch\/index.php?rest_route=\/wp\/v2\/users\/1"}],"replies":[{"embeddable":true,"href":"https:\/\/wp.hansknoepfel.ch\/index.php?rest_route=%2Fwp%2Fv2%2Fcomments&post=859"}],"version-history":[{"count":34,"href":"https:\/\/wp.hansknoepfel.ch\/index.php?rest_route=\/wp\/v2\/pages\/859\/revisions"}],"predecessor-version":[{"id":1988,"href":"https:\/\/wp.hansknoepfel.ch\/index.php?rest_route=\/wp\/v2\/pages\/859\/revisions\/1988"}],"wp:attachment":[{"href":"https:\/\/wp.hansknoepfel.ch\/index.php?rest_route=%2Fwp%2Fv2%2Fmedia&parent=859"}],"curies":[{"name":"wp","href":"https:\/\/api.w.org\/{rel}","templated":true}]}}