{"id":941,"date":"2020-04-20T13:33:54","date_gmt":"2020-04-20T13:33:54","guid":{"rendered":"https:\/\/wp.hansknoepfel.ch\/?page_id=941"},"modified":"2022-05-04T12:11:34","modified_gmt":"2022-05-04T12:11:34","slug":"news","status":"publish","type":"page","link":"https:\/\/wp.hansknoepfel.ch\/?page_id=941","title":{"rendered":"Aktuelles &#038; Hintergr\u00fcnde"},"content":{"rendered":"\t\t<div data-elementor-type=\"wp-post\" data-elementor-id=\"941\" class=\"elementor elementor-941\" data-elementor-post-type=\"page\">\n\t\t\t\t\t\t<section class=\"elementor-section elementor-top-section elementor-element elementor-element-65d89d0 elementor-section-boxed elementor-section-height-default elementor-section-height-default\" data-id=\"65d89d0\" data-element_type=\"section\" data-settings=\"{&quot;background_background&quot;:&quot;classic&quot;}\">\n\t\t\t\t\t\t<div class=\"elementor-container elementor-column-gap-default\">\n\t\t\t\t\t<div class=\"elementor-column elementor-col-100 elementor-top-column elementor-element elementor-element-74201267\" data-id=\"74201267\" data-element_type=\"column\">\n\t\t\t<div class=\"elementor-widget-wrap elementor-element-populated\">\n\t\t\t\t\t\t<div class=\"elementor-element elementor-element-3a091d0 elementor-widget elementor-widget-menu-anchor\" data-id=\"3a091d0\" data-element_type=\"widget\" data-widget_type=\"menu-anchor.default\">\n\t\t\t\t<div class=\"elementor-widget-container\">\n\t\t\t\t\t\t\t<div class=\"elementor-menu-anchor\" id=\"blog\"><\/div>\n\t\t\t\t\t\t<\/div>\n\t\t\t\t<\/div>\n\t\t\t\t<div class=\"elementor-element elementor-element-1f602749 elementor-widget elementor-widget-heading\" data-id=\"1f602749\" data-element_type=\"widget\" data-widget_type=\"heading.default\">\n\t\t\t\t<div class=\"elementor-widget-container\">\n\t\t\t\t\t<h2 class=\"elementor-heading-title elementor-size-default\">Anregungen. Tipps.<\/h2>\t\t\t\t<\/div>\n\t\t\t\t<\/div>\n\t\t\t\t<div class=\"elementor-element elementor-element-19ceb500 elementor-widget elementor-widget-heading\" data-id=\"19ceb500\" data-element_type=\"widget\" data-widget_type=\"heading.default\">\n\t\t\t\t<div class=\"elementor-widget-container\">\n\t\t\t\t\t<div class=\"elementor-heading-title elementor-size-default\">Spannendes aus meinem Alltag f\u00fcr Sie zusammengestellt.<\/div>\t\t\t\t<\/div>\n\t\t\t\t<\/div>\n\t\t\t\t<section class=\"elementor-section elementor-inner-section elementor-element elementor-element-7db6271e elementor-section-boxed elementor-section-height-default elementor-section-height-default elementor-invisible\" data-id=\"7db6271e\" data-element_type=\"section\" data-settings=\"{&quot;animation&quot;:&quot;fadeInUp&quot;}\">\n\t\t\t\t\t\t<div class=\"elementor-container elementor-column-gap-no\">\n\t\t\t\t\t<div class=\"elementor-column elementor-col-33 elementor-inner-column elementor-element elementor-element-6edbc34e\" data-id=\"6edbc34e\" data-element_type=\"column\">\n\t\t\t<div class=\"elementor-widget-wrap elementor-element-populated\">\n\t\t\t\t\t\t<div class=\"elementor-element elementor-element-320a1dc7 elementor-widget elementor-widget-image\" data-id=\"320a1dc7\" data-element_type=\"widget\" data-widget_type=\"image.default\">\n\t\t\t\t<div class=\"elementor-widget-container\">\n\t\t\t\t\t\t\t\t\t\t\t\t\t\t\t<img decoding=\"async\" src=\"https:\/\/wp.hansknoepfel.ch\/wp-content\/uploads\/elementor\/thumbs\/HansKnoepfel-1169-orhs22n71uxug3z6ekq0rf2vl13lf1h3jjwo4e0sao.jpg\" title=\"HansKnoepfel-1169\" alt=\"HansKnoepfel-1169\" loading=\"lazy\" \/>\t\t\t\t\t\t\t\t\t\t\t\t\t\t\t<\/div>\n\t\t\t\t<\/div>\n\t\t\t\t<div class=\"elementor-element elementor-element-5c9167b5 elementor-widget elementor-widget-image-box\" data-id=\"5c9167b5\" data-element_type=\"widget\" data-widget_type=\"image-box.default\">\n\t\t\t\t<div class=\"elementor-widget-container\">\n\t\t\t\t\t<div class=\"elementor-image-box-wrapper\"><div class=\"elementor-image-box-content\"><h3 class=\"elementor-image-box-title\">Zukunftsgestaltung - Viele Wege f\u00fchren nach Rom! <\/h3><\/div><\/div>\t\t\t\t<\/div>\n\t\t\t\t<\/div>\n\t\t\t\t<div class=\"elementor-element elementor-element-33dacb2 elementor-widget elementor-widget-text-editor\" data-id=\"33dacb2\" data-element_type=\"widget\" data-widget_type=\"text-editor.default\">\n\t\t\t\t<div class=\"elementor-widget-container\">\n\t\t\t\t\t\t\t\t\t<p>Die Glaskugel haben wir nicht, aber Fragen die uns weiterbringen. Die <strong>Beitr\u00e4ge &amp; Toolboxen<\/strong> sollen Sie dabei unterst\u00fctzen, unterschiedliche Blickwinkel einzunehmen, sich auch mal treiben lassen und so die f\u00fcr Sie passenden L\u00f6sungsans\u00e4tze abzuleiten.<\/p><p>Starten wir gleich hier mit ersten <strong>Fragen<\/strong> zum Einstimmen:<\/p><ul><li>Was hat sich auch in der Krise bew\u00e4hrt und warum?<\/li><li>Wie hat die Konkurrenz Vorspr\u00fcnge erreicht?<\/li><li>Sind wir unabh\u00e4ngig genug um selbstst\u00e4ndig zu handeln?<\/li><\/ul>\t\t\t\t\t\t\t\t<\/div>\n\t\t\t\t<\/div>\n\t\t\t\t\t<\/div>\n\t\t<\/div>\n\t\t\t\t<div class=\"elementor-column elementor-col-66 elementor-inner-column elementor-element elementor-element-4f562011\" data-id=\"4f562011\" data-element_type=\"column\">\n\t\t\t<div class=\"elementor-widget-wrap elementor-element-populated\">\n\t\t\t\t\t\t<div class=\"elementor-element elementor-element-3db4ff8c elementor-widget elementor-widget-obfx-posts-grid\" data-id=\"3db4ff8c\" data-element_type=\"widget\" id=\"alexis-post-grid\" data-widget_type=\"obfx-posts-grid.default\">\n\t\t\t\t<div class=\"elementor-widget-container\">\n\t\t\t\t\t<div class=\"obfx-grid\"><div class=\"obfx-grid-container obfx-grid-style-list obfx-grid-tablet-2 obfx-grid-desktop-1\"><div class=\"obfx-grid-wrapper\"><article class=\"obfx-grid-col obfx-no-image\"><div class=\"obfx-grid-col-content\">\t\t\t<h6 class=\"entry-title obfx-grid-title\">\n\t\t\t\t\t\t\t<a href=\"https:\/\/wp.hansknoepfel.ch\/?p=1196\" title=\"Governance in familiengef\u00fchrten Unternehmen\">\n\t\t\t\t\tGovernance in familiengef\u00fchrten Unternehmen\t\t\t\t<\/a>\n\t\t\t\t\t\t\t<\/h6>\n\t\t\t\t\t\t\t<div class=\"entry-meta obfx-grid-meta\">\n\n\t\t\t\t\t\t\t\t\t\t\t\t\t<span class=\"obfx-grid-date\">\n\t\t\t\t\t\t\t\t\tMai 6, 2020\t\t\t\t\t\t\t\t<\/span>\n\t\t\t\t\t\t\t\t\n\t\t\t\t<\/div>\n\t\t\t\t\t\t\t<div class=\"entry-content obfx-grid-content\">\n\t\t\t\tUnternehmensinteressen und Familieninteressen k\u00f6nnen kollidieren \u2013 was kann getan werden? Ausgangslage &amp; Ziele Bei Generationen\u00fcberg\u00e4ngen, bei schwierigen Situationen aber auch generell bei den Entscheidungen im startegischen wie operativen ist klar zu unterscheiden, ob \u00fcber die&hellip;\t\t\t<\/div>\n\t\t\t<\/div><\/article><\/div><div class=\"obfx-grid-wrapper\"><article class=\"obfx-grid-col obfx-no-image\"><div class=\"obfx-grid-col-content\">\t\t\t<h6 class=\"entry-title obfx-grid-title\">\n\t\t\t\t\t\t\t<a href=\"https:\/\/wp.hansknoepfel.ch\/?p=1344\" title=\"Wiederanlauf nach Corona &#8211; Es geht nicht um Transformation, sondern echte Reformation!\">\n\t\t\t\t\tWiederanlauf nach Corona &#8211; Es geht nicht um Transformation, sondern echte Reformation!\t\t\t\t<\/a>\n\t\t\t\t\t\t\t<\/h6>\n\t\t\t\t\t\t\t<div class=\"entry-meta obfx-grid-meta\">\n\n\t\t\t\t\t\t\t\t\t\t\t\t\t<span class=\"obfx-grid-date\">\n\t\t\t\t\t\t\t\t\tMai 27, 2020\t\t\t\t\t\t\t\t<\/span>\n\t\t\t\t\t\t\t\t\n\t\t\t\t<\/div>\n\t\t\t\t\t\t\t<div class=\"entry-content obfx-grid-content\">\n\t\t\t\tEs geht nicht um Transformation, sondern um echte Reformation! Der Lockdown hat bei fast allen Unternehmen negative Spuren hinterlassen: finanziell, personell und h\u00e4ufig mit unterbrochenen Lieferketten. Der \u00dcberlebenskampf stand im Vordergrund. Wie findet man nun&hellip;\t\t\t<\/div>\n\t\t\t<\/div><\/article><\/div><\/div><!-- .obfx-grid-container --><\/div><!-- .obfx-grid -->\t\t\t\t<\/div>\n\t\t\t\t<\/div>\n\t\t\t\t\t<\/div>\n\t\t<\/div>\n\t\t\t\t\t<\/div>\n\t\t<\/section>\n\t\t\t\t\t<\/div>\n\t\t<\/div>\n\t\t\t\t\t<\/div>\n\t\t<\/section>\n\t\t\t\t<\/div>\n\t\t","protected":false},"excerpt":{"rendered":"<p>Anregungen. Tipps. Spannendes aus meinem Alltag f\u00fcr Sie zusammengestellt. Zukunftsgestaltung &#8211; Viele Wege f\u00fchren nach Rom! Die Glaskugel haben wir nicht, aber Fragen die uns weiterbringen. Die Beitr\u00e4ge &amp; Toolboxen sollen Sie dabei unterst\u00fctzen, unterschiedliche Blickwinkel einzunehmen, sich auch mal treiben lassen und so die f\u00fcr Sie passenden L\u00f6sungsans\u00e4tze abzuleiten. Starten wir gleich hier mit&hellip;&nbsp;<a href=\"https:\/\/wp.hansknoepfel.ch\/?p=1344\" rel=\"bookmark\">Weiterlesen &raquo;<span class=\"screen-reader-text\">Wiederanlauf nach Corona &#8211; Es geht nicht um Transformation, sondern echte Reformation!<\/span><\/a><\/p>\n","protected":false},"author":2,"featured_media":0,"parent":0,"menu_order":0,"comment_status":"closed","ping_status":"closed","template":"page-templates\/template-pagebuilder-full-width.php","meta":{"neve_meta_sidebar":"","neve_meta_container":"","neve_meta_enable_content_width":"off","neve_meta_content_width":0,"neve_meta_title_alignment":"","neve_meta_author_avatar":"","neve_post_elements_order":"","neve_meta_disable_header":"","neve_meta_disable_footer":"","neve_meta_disable_title":"","neve_meta_reading_time":"","_themeisle_gutenberg_block_has_review":false,"footnotes":""},"class_list":["post-941","page","type-page","status-publish","hentry"],"yoast_head":"<!-- This site is optimized with the Yoast SEO plugin v25.5 - https:\/\/yoast.com\/wordpress\/plugins\/seo\/ -->\n<title>Aktuelles &amp; Hintergr\u00fcnde - Hans Kn\u00f6pfel<\/title>\n<meta name=\"robots\" content=\"index, follow, max-snippet:-1, max-image-preview:large, max-video-preview:-1\" \/>\n<link rel=\"canonical\" href=\"https:\/\/wp.hansknoepfel.ch\/?page_id=941\" \/>\n<meta property=\"og:locale\" content=\"de_DE\" \/>\n<meta property=\"og:type\" content=\"article\" \/>\n<meta property=\"og:title\" content=\"Aktuelles &amp; Hintergr\u00fcnde - Hans Kn\u00f6pfel\" \/>\n<meta property=\"og:description\" content=\"Anregungen. Tipps. Spannendes aus meinem Alltag f\u00fcr Sie zusammengestellt. Zukunftsgestaltung &#8211; Viele Wege f\u00fchren nach Rom! Die Glaskugel haben wir nicht, aber Fragen die uns weiterbringen. Die Beitr\u00e4ge &amp; Toolboxen sollen Sie dabei unterst\u00fctzen, unterschiedliche Blickwinkel einzunehmen, sich auch mal treiben lassen und so die f\u00fcr Sie passenden L\u00f6sungsans\u00e4tze abzuleiten. Starten wir gleich hier mit&hellip;&nbsp;Weiterlesen &raquo;Wiederanlauf nach Corona &#8211; Es geht nicht um Transformation, sondern echte Reformation!\" \/>\n<meta property=\"og:url\" content=\"https:\/\/wp.hansknoepfel.ch\/?page_id=941\" \/>\n<meta property=\"og:site_name\" content=\"Hans Kn\u00f6pfel\" \/>\n<meta property=\"article:modified_time\" content=\"2022-05-04T12:11:34+00:00\" \/>\n<meta property=\"og:image\" content=\"https:\/\/wp.hansknoepfel.ch\/wp-content\/uploads\/elementor\/thumbs\/HansKnoepfel-1169-orhs22n71uxug3z6ekq0rf2vl13lf1h3jjwo4e0sao.jpg\" \/>\n<meta name=\"twitter:card\" content=\"summary_large_image\" \/>\n<meta name=\"twitter:label1\" content=\"Gesch\u00e4tzte Lesezeit\" \/>\n\t<meta name=\"twitter:data1\" content=\"2\u00a0Minuten\" \/>\n<script type=\"application\/ld+json\" class=\"yoast-schema-graph\">{\"@context\":\"https:\/\/schema.org\",\"@graph\":[{\"@type\":\"WebPage\",\"@id\":\"https:\/\/wp.hansknoepfel.ch\/?page_id=941\",\"url\":\"https:\/\/wp.hansknoepfel.ch\/?page_id=941\",\"name\":\"Aktuelles & Hintergr\u00fcnde - Hans Kn\u00f6pfel\",\"isPartOf\":{\"@id\":\"https:\/\/wp.hansknoepfel.ch\/#website\"},\"primaryImageOfPage\":{\"@id\":\"https:\/\/wp.hansknoepfel.ch\/?page_id=941#primaryimage\"},\"image\":{\"@id\":\"https:\/\/wp.hansknoepfel.ch\/?page_id=941#primaryimage\"},\"thumbnailUrl\":\"https:\/\/wp.hansknoepfel.ch\/wp-content\/uploads\/elementor\/thumbs\/HansKnoepfel-1169-orhs22n71uxug3z6ekq0rf2vl13lf1h3jjwo4e0sao.jpg\",\"datePublished\":\"2020-04-20T13:33:54+00:00\",\"dateModified\":\"2022-05-04T12:11:34+00:00\",\"breadcrumb\":{\"@id\":\"https:\/\/wp.hansknoepfel.ch\/?page_id=941#breadcrumb\"},\"inLanguage\":\"de\",\"potentialAction\":[{\"@type\":\"ReadAction\",\"target\":[\"https:\/\/wp.hansknoepfel.ch\/?page_id=941\"]}]},{\"@type\":\"ImageObject\",\"inLanguage\":\"de\",\"@id\":\"https:\/\/wp.hansknoepfel.ch\/?page_id=941#primaryimage\",\"url\":\"https:\/\/wp.hansknoepfel.ch\/wp-content\/uploads\/elementor\/thumbs\/HansKnoepfel-1169-orhs22n71uxug3z6ekq0rf2vl13lf1h3jjwo4e0sao.jpg\",\"contentUrl\":\"https:\/\/wp.hansknoepfel.ch\/wp-content\/uploads\/elementor\/thumbs\/HansKnoepfel-1169-orhs22n71uxug3z6ekq0rf2vl13lf1h3jjwo4e0sao.jpg\"},{\"@type\":\"BreadcrumbList\",\"@id\":\"https:\/\/wp.hansknoepfel.ch\/?page_id=941#breadcrumb\",\"itemListElement\":[{\"@type\":\"ListItem\",\"position\":1,\"name\":\"Startseite\",\"item\":\"https:\/\/wp.hansknoepfel.ch\/\"},{\"@type\":\"ListItem\",\"position\":2,\"name\":\"Aktuelles &#038; Hintergr\u00fcnde\"}]},{\"@type\":\"WebSite\",\"@id\":\"https:\/\/wp.hansknoepfel.ch\/#website\",\"url\":\"https:\/\/wp.hansknoepfel.ch\/\",\"name\":\"Hans Kn\u00f6pfel\",\"description\":\"Excellence in business\",\"publisher\":{\"@id\":\"https:\/\/wp.hansknoepfel.ch\/#organization\"},\"potentialAction\":[{\"@type\":\"SearchAction\",\"target\":{\"@type\":\"EntryPoint\",\"urlTemplate\":\"https:\/\/wp.hansknoepfel.ch\/?s={search_term_string}\"},\"query-input\":{\"@type\":\"PropertyValueSpecification\",\"valueRequired\":true,\"valueName\":\"search_term_string\"}}],\"inLanguage\":\"de\"},{\"@type\":\"Organization\",\"@id\":\"https:\/\/wp.hansknoepfel.ch\/#organization\",\"name\":\"Hans Kn\u00f6pfel\",\"url\":\"https:\/\/wp.hansknoepfel.ch\/\",\"logo\":{\"@type\":\"ImageObject\",\"inLanguage\":\"de\",\"@id\":\"https:\/\/wp.hansknoepfel.ch\/#\/schema\/logo\/image\/\",\"url\":\"https:\/\/wp.hansknoepfel.ch\/wp-content\/uploads\/2022\/04\/image002.png\",\"contentUrl\":\"https:\/\/wp.hansknoepfel.ch\/wp-content\/uploads\/2022\/04\/image002.png\",\"width\":376,\"height\":107,\"caption\":\"Hans Kn\u00f6pfel\"},\"image\":{\"@id\":\"https:\/\/wp.hansknoepfel.ch\/#\/schema\/logo\/image\/\"}}]}<\/script>\n<!-- \/ Yoast SEO plugin. -->","yoast_head_json":{"title":"Aktuelles & Hintergr\u00fcnde - Hans Kn\u00f6pfel","robots":{"index":"index","follow":"follow","max-snippet":"max-snippet:-1","max-image-preview":"max-image-preview:large","max-video-preview":"max-video-preview:-1"},"canonical":"https:\/\/wp.hansknoepfel.ch\/?page_id=941","og_locale":"de_DE","og_type":"article","og_title":"Aktuelles & Hintergr\u00fcnde - Hans Kn\u00f6pfel","og_description":"Anregungen. Tipps. Spannendes aus meinem Alltag f\u00fcr Sie zusammengestellt. Zukunftsgestaltung &#8211; Viele Wege f\u00fchren nach Rom! Die Glaskugel haben wir nicht, aber Fragen die uns weiterbringen. Die Beitr\u00e4ge &amp; Toolboxen sollen Sie dabei unterst\u00fctzen, unterschiedliche Blickwinkel einzunehmen, sich auch mal treiben lassen und so die f\u00fcr Sie passenden L\u00f6sungsans\u00e4tze abzuleiten. Starten wir gleich hier mit&hellip;&nbsp;Weiterlesen &raquo;Wiederanlauf nach Corona &#8211; Es geht nicht um Transformation, sondern echte Reformation!","og_url":"https:\/\/wp.hansknoepfel.ch\/?page_id=941","og_site_name":"Hans Kn\u00f6pfel","article_modified_time":"2022-05-04T12:11:34+00:00","og_image":[{"url":"https:\/\/wp.hansknoepfel.ch\/wp-content\/uploads\/elementor\/thumbs\/HansKnoepfel-1169-orhs22n71uxug3z6ekq0rf2vl13lf1h3jjwo4e0sao.jpg","type":"","width":"","height":""}],"twitter_card":"summary_large_image","twitter_misc":{"Gesch\u00e4tzte Lesezeit":"2\u00a0Minuten"},"schema":{"@context":"https:\/\/schema.org","@graph":[{"@type":"WebPage","@id":"https:\/\/wp.hansknoepfel.ch\/?page_id=941","url":"https:\/\/wp.hansknoepfel.ch\/?page_id=941","name":"Aktuelles & Hintergr\u00fcnde - Hans Kn\u00f6pfel","isPartOf":{"@id":"https:\/\/wp.hansknoepfel.ch\/#website"},"primaryImageOfPage":{"@id":"https:\/\/wp.hansknoepfel.ch\/?page_id=941#primaryimage"},"image":{"@id":"https:\/\/wp.hansknoepfel.ch\/?page_id=941#primaryimage"},"thumbnailUrl":"https:\/\/wp.hansknoepfel.ch\/wp-content\/uploads\/elementor\/thumbs\/HansKnoepfel-1169-orhs22n71uxug3z6ekq0rf2vl13lf1h3jjwo4e0sao.jpg","datePublished":"2020-04-20T13:33:54+00:00","dateModified":"2022-05-04T12:11:34+00:00","breadcrumb":{"@id":"https:\/\/wp.hansknoepfel.ch\/?page_id=941#breadcrumb"},"inLanguage":"de","potentialAction":[{"@type":"ReadAction","target":["https:\/\/wp.hansknoepfel.ch\/?page_id=941"]}]},{"@type":"ImageObject","inLanguage":"de","@id":"https:\/\/wp.hansknoepfel.ch\/?page_id=941#primaryimage","url":"https:\/\/wp.hansknoepfel.ch\/wp-content\/uploads\/elementor\/thumbs\/HansKnoepfel-1169-orhs22n71uxug3z6ekq0rf2vl13lf1h3jjwo4e0sao.jpg","contentUrl":"https:\/\/wp.hansknoepfel.ch\/wp-content\/uploads\/elementor\/thumbs\/HansKnoepfel-1169-orhs22n71uxug3z6ekq0rf2vl13lf1h3jjwo4e0sao.jpg"},{"@type":"BreadcrumbList","@id":"https:\/\/wp.hansknoepfel.ch\/?page_id=941#breadcrumb","itemListElement":[{"@type":"ListItem","position":1,"name":"Startseite","item":"https:\/\/wp.hansknoepfel.ch\/"},{"@type":"ListItem","position":2,"name":"Aktuelles &#038; Hintergr\u00fcnde"}]},{"@type":"WebSite","@id":"https:\/\/wp.hansknoepfel.ch\/#website","url":"https:\/\/wp.hansknoepfel.ch\/","name":"Hans Kn\u00f6pfel","description":"Excellence in business","publisher":{"@id":"https:\/\/wp.hansknoepfel.ch\/#organization"},"potentialAction":[{"@type":"SearchAction","target":{"@type":"EntryPoint","urlTemplate":"https:\/\/wp.hansknoepfel.ch\/?s={search_term_string}"},"query-input":{"@type":"PropertyValueSpecification","valueRequired":true,"valueName":"search_term_string"}}],"inLanguage":"de"},{"@type":"Organization","@id":"https:\/\/wp.hansknoepfel.ch\/#organization","name":"Hans Kn\u00f6pfel","url":"https:\/\/wp.hansknoepfel.ch\/","logo":{"@type":"ImageObject","inLanguage":"de","@id":"https:\/\/wp.hansknoepfel.ch\/#\/schema\/logo\/image\/","url":"https:\/\/wp.hansknoepfel.ch\/wp-content\/uploads\/2022\/04\/image002.png","contentUrl":"https:\/\/wp.hansknoepfel.ch\/wp-content\/uploads\/2022\/04\/image002.png","width":376,"height":107,"caption":"Hans Kn\u00f6pfel"},"image":{"@id":"https:\/\/wp.hansknoepfel.ch\/#\/schema\/logo\/image\/"}}]}},"_links":{"self":[{"href":"https:\/\/wp.hansknoepfel.ch\/index.php?rest_route=\/wp\/v2\/pages\/941","targetHints":{"allow":["GET"]}}],"collection":[{"href":"https:\/\/wp.hansknoepfel.ch\/index.php?rest_route=\/wp\/v2\/pages"}],"about":[{"href":"https:\/\/wp.hansknoepfel.ch\/index.php?rest_route=\/wp\/v2\/types\/page"}],"author":[{"embeddable":true,"href":"https:\/\/wp.hansknoepfel.ch\/index.php?rest_route=\/wp\/v2\/users\/2"}],"replies":[{"embeddable":true,"href":"https:\/\/wp.hansknoepfel.ch\/index.php?rest_route=%2Fwp%2Fv2%2Fcomments&post=941"}],"version-history":[{"count":30,"href":"https:\/\/wp.hansknoepfel.ch\/index.php?rest_route=\/wp\/v2\/pages\/941\/revisions"}],"predecessor-version":[{"id":1844,"href":"https:\/\/wp.hansknoepfel.ch\/index.php?rest_route=\/wp\/v2\/pages\/941\/revisions\/1844"}],"wp:attachment":[{"href":"https:\/\/wp.hansknoepfel.ch\/index.php?rest_route=%2Fwp%2Fv2%2Fmedia&parent=941"}],"curies":[{"name":"wp","href":"https:\/\/api.w.org\/{rel}","templated":true}]}}